{"id":1492,"date":"2024-06-11T12:25:43","date_gmt":"2024-06-11T12:25:43","guid":{"rendered":"https:\/\/dexpo-platform.anthropolis.hu\/home\/"},"modified":"2025-01-13T00:38:12","modified_gmt":"2025-01-13T00:38:12","slug":"home","status":"publish","type":"page","link":"https:\/\/dexpo-platform.anthropolis.hu\/cs\/","title":{"rendered":"Home"},"content":{"rendered":"\t\t<div data-elementor-type=\"wp-page\" data-elementor-id=\"1492\" class=\"elementor elementor-1492\" data-elementor-post-type=\"page\">\n\t\t\t\t<div class=\"elementor-element elementor-element-1858130 e-flex e-con-boxed e-con e-parent\" data-id=\"1858130\" data-element_type=\"container\">\n\t\t\t\t\t<div class=\"e-con-inner\">\n\t\t<div class=\"elementor-element elementor-element-8ace4e3 e-flex e-con-boxed e-con e-child\" data-id=\"8ace4e3\" data-element_type=\"container\">\n\t\t\t\t\t<div class=\"e-con-inner\">\n\t\t<div class=\"elementor-element elementor-element-a5cb2e6 e-con-full e-flex elementor-invisible e-con e-child\" data-id=\"a5cb2e6\" data-element_type=\"container\" data-settings=\"{&quot;background_background&quot;:&quot;classic&quot;,&quot;animation&quot;:&quot;fadeInLeft&quot;}\">\n\t\t\t\t<\/div>\n\t\t<div class=\"elementor-element elementor-element-d46cfbf e-con-full e-flex elementor-invisible e-con e-child\" data-id=\"d46cfbf\" data-element_type=\"container\" data-settings=\"{&quot;background_background&quot;:&quot;classic&quot;,&quot;animation&quot;:&quot;fadeInLeft&quot;,&quot;animation_delay&quot;:500}\">\n\t\t\t\t<div class=\"elementor-element elementor-element-b8295b9 elementor-widget elementor-widget-heading\" data-id=\"b8295b9\" data-element_type=\"widget\" data-widget_type=\"heading.default\">\n\t\t\t\t<div class=\"elementor-widget-container\">\n\t\t\t\t\t<h1 class=\"elementor-heading-title elementor-size-default\">Kritick\u00fdm my\u0161len\u00edm k ochran\u011b klimatu<\/h1>\t\t\t\t<\/div>\n\t\t\t\t<\/div>\n\t\t\t\t<\/div>\n\t\t\t\t\t<\/div>\n\t\t\t\t<\/div>\n\t\t\t\t\t<\/div>\n\t\t\t\t<\/div>\n\t\t<div class=\"elementor-element elementor-element-6b62d50 e-flex e-con-boxed e-con e-parent\" data-id=\"6b62d50\" data-element_type=\"container\">\n\t\t\t\t\t<div class=\"e-con-inner\">\n\t\t<div class=\"elementor-element elementor-element-f5bfd7f e-con-full e-transform e-flex e-con e-child\" data-id=\"f5bfd7f\" data-element_type=\"container\" data-settings=\"{&quot;background_background&quot;:&quot;classic&quot;,&quot;_transform_scale_effect_hover&quot;:{&quot;unit&quot;:&quot;px&quot;,&quot;size&quot;:1.0500000000000000444089209850062616169452667236328125,&quot;sizes&quot;:[]},&quot;_transform_scale_effect_hover_tablet&quot;:{&quot;unit&quot;:&quot;px&quot;,&quot;size&quot;:&quot;&quot;,&quot;sizes&quot;:[]},&quot;_transform_scale_effect_hover_mobile&quot;:{&quot;unit&quot;:&quot;px&quot;,&quot;size&quot;:&quot;&quot;,&quot;sizes&quot;:[]}}\">\n\t\t\t\t<div class=\"elementor-element elementor-element-cbb339f elementor-widget elementor-widget-heading\" data-id=\"cbb339f\" data-element_type=\"widget\" data-widget_type=\"heading.default\">\n\t\t\t\t<div class=\"elementor-widget-container\">\n\t\t\t\t\t<h2 class=\"elementor-heading-title elementor-size-default\">\u010c\u00edm se projekt zab\u00fdv\u00e1?<\/h2>\t\t\t\t<\/div>\n\t\t\t\t<\/div>\n\t\t\t\t<\/div>\n\t\t<div class=\"elementor-element elementor-element-b531d96 e-con-full e-flex e-con e-child\" data-id=\"b531d96\" data-element_type=\"container\" data-settings=\"{&quot;background_background&quot;:&quot;classic&quot;}\">\n\t\t\t\t<div class=\"elementor-element elementor-element-19effbd elementor-widget elementor-widget-text-editor\" data-id=\"19effbd\" data-element_type=\"widget\" data-widget_type=\"text-editor.default\">\n\t\t\t\t<div class=\"elementor-widget-container\">\n\t\t\t\t\t\t\t\t\t<p>Zm\u011bna klimatu je t\u00e9ma, kter\u00e9 se t\u00fdk\u00e1 n\u00e1s v\u0161ech, ale je \u010dasto prezentov\u00e1na kontroverzn\u00edm zp\u016fsobem. V dne\u0161n\u00ed dob\u011b je st\u00e1le obt\u00ed\u017en\u011bj\u0161\u00ed orientovat se v nar\u016fstaj\u00edc\u00edm po\u010dtu informac\u00ed i zdroj\u016f a rozli\u0161it, zda se jedn\u00e1 o d\u016fv\u011bryhodn\u00e9 \u010di zav\u00e1d\u011bj\u00edc\u00ed informace. C\u00edlem projektu DEXPO je nab\u00eddnout u\u010ditel\u016fm nejr\u016fzn\u011bj\u0161\u00ed mo\u017enosti, jak prost\u0159ednictv\u00edm problematiky zm\u011bny klimatu podpo\u0159it kritick\u00e9 my\u0161len\u00ed u sv\u00fdch \u017e\u00e1k\u016f &#8211; i u sebe sam\u00fdch.<\/p>\t\t\t\t\t\t\t\t<\/div>\n\t\t\t\t<\/div>\n\t\t\t\t<\/div>\n\t\t\t\t\t<\/div>\n\t\t\t\t<\/div>\n\t\t<div class=\"elementor-element elementor-element-6596f20 e-flex e-con-boxed e-con e-parent\" data-id=\"6596f20\" data-element_type=\"container\">\n\t\t\t\t\t<div class=\"e-con-inner\">\n\t\t<div class=\"elementor-element elementor-element-17f0653 e-con-full e-transform e-flex e-con e-child\" data-id=\"17f0653\" data-element_type=\"container\" data-settings=\"{&quot;background_background&quot;:&quot;classic&quot;,&quot;_transform_scale_effect_hover&quot;:{&quot;unit&quot;:&quot;px&quot;,&quot;size&quot;:1.0500000000000000444089209850062616169452667236328125,&quot;sizes&quot;:[]},&quot;_transform_scale_effect_hover_tablet&quot;:{&quot;unit&quot;:&quot;px&quot;,&quot;size&quot;:&quot;&quot;,&quot;sizes&quot;:[]},&quot;_transform_scale_effect_hover_mobile&quot;:{&quot;unit&quot;:&quot;px&quot;,&quot;size&quot;:&quot;&quot;,&quot;sizes&quot;:[]}}\">\n\t\t\t\t<div class=\"elementor-element elementor-element-46110c6 elementor-widget elementor-widget-heading\" data-id=\"46110c6\" data-element_type=\"widget\" data-widget_type=\"heading.default\">\n\t\t\t\t<div class=\"elementor-widget-container\">\n\t\t\t\t\t<h2 class=\"elementor-heading-title elementor-size-default\">Co nab\u00edz\u00edme<\/h2>\t\t\t\t<\/div>\n\t\t\t\t<\/div>\n\t\t\t\t<\/div>\n\t\t<div class=\"elementor-element elementor-element-4184522 e-con-full e-flex e-con e-child\" data-id=\"4184522\" data-element_type=\"container\" data-settings=\"{&quot;background_background&quot;:&quot;classic&quot;}\">\n\t\t\t\t<div class=\"elementor-element elementor-element-4b6e429 elementor-widget elementor-widget-text-editor\" data-id=\"4b6e429\" data-element_type=\"widget\" data-widget_type=\"text-editor.default\">\n\t\t\t\t<div class=\"elementor-widget-container\">\n\t\t\t\t\t\t\t\t\t<p>DEXPO nab\u00edz\u00ed lekce a aktivity do v\u00fduky, informa\u010dn\u00ed materi\u00e1ly, datab\u00e1zi zdroj\u016f a online kurz pro u\u010ditele z\u00e1kladn\u00edch a st\u0159edn\u00edch \u0161kol, kter\u00e9 jim pomohou za\u010dlenit problematiku zm\u011bny klimatu, kritick\u00e9ho my\u0161len\u00ed a medi\u00e1ln\u00ed gramotnosti do v\u00fduky a mimo\u0161koln\u00edch aktivit.<\/p>\t\t\t\t\t\t\t\t<\/div>\n\t\t\t\t<\/div>\n\t\t\t\t<\/div>\n\t\t\t\t\t<\/div>\n\t\t\t\t<\/div>\n\t\t<div class=\"elementor-element elementor-element-5ffa5d2 e-flex e-con-boxed e-con e-parent\" data-id=\"5ffa5d2\" data-element_type=\"container\">\n\t\t\t\t\t<div class=\"e-con-inner\">\n\t\t<div class=\"elementor-element elementor-element-1d934b4 e-con-full e-transform e-flex e-con e-child\" data-id=\"1d934b4\" data-element_type=\"container\" data-settings=\"{&quot;background_background&quot;:&quot;classic&quot;,&quot;_transform_scale_effect_hover&quot;:{&quot;unit&quot;:&quot;px&quot;,&quot;size&quot;:1.0500000000000000444089209850062616169452667236328125,&quot;sizes&quot;:[]},&quot;_transform_scale_effect_hover_tablet&quot;:{&quot;unit&quot;:&quot;px&quot;,&quot;size&quot;:&quot;&quot;,&quot;sizes&quot;:[]},&quot;_transform_scale_effect_hover_mobile&quot;:{&quot;unit&quot;:&quot;px&quot;,&quot;size&quot;:&quot;&quot;,&quot;sizes&quot;:[]}}\">\n\t\t\t\t<div class=\"elementor-element elementor-element-f1e8f36 elementor-widget elementor-widget-heading\" data-id=\"f1e8f36\" data-element_type=\"widget\" data-widget_type=\"heading.default\">\n\t\t\t\t<div class=\"elementor-widget-container\">\n\t\t\t\t\t<h2 class=\"elementor-heading-title elementor-size-default\">Kdo jsme?<\/h2>\t\t\t\t<\/div>\n\t\t\t\t<\/div>\n\t\t\t\t<\/div>\n\t\t<div class=\"elementor-element elementor-element-7024133 e-con-full e-flex e-con e-child\" data-id=\"7024133\" data-element_type=\"container\" data-settings=\"{&quot;background_background&quot;:&quot;classic&quot;}\">\n\t\t\t\t<div class=\"elementor-element elementor-element-cf67529 elementor-widget elementor-widget-text-editor\" data-id=\"cf67529\" data-element_type=\"widget\" data-widget_type=\"text-editor.default\">\n\t\t\t\t<div class=\"elementor-widget-container\">\n\t\t\t\t\t\t\t\t\t<p>DEXPO je t\u0159\u00edlet\u00fd projekt Erasmus+, na kter\u00e9m se pod\u00edlej\u00ed odborn\u00edci na vzd\u011bl\u00e1v\u00e1n\u00ed, glob\u00e1ln\u00ed vzd\u011bl\u00e1v\u00e1n\u00ed, zm\u011bnu klimatu a medi\u00e1ln\u00ed gramotnost z \u0159ad \u010desk\u00fdch, ma\u010farsk\u00fdch, slovinsk\u00fdch a portugalsk\u00fdch partner\u016f.\u00a0<\/p>\t\t\t\t\t\t\t\t<\/div>\n\t\t\t\t<\/div>\n\t\t\t\t<\/div>\n\t\t\t\t\t<\/div>\n\t\t\t\t<\/div>\n\t\t<div class=\"elementor-element elementor-element-e5974bb e-flex e-con-boxed e-con e-parent\" data-id=\"e5974bb\" data-element_type=\"container\">\n\t\t\t\t\t<div class=\"e-con-inner\">\n\t\t\t\t<div class=\"elementor-element elementor-element-69e4dbb elementor-widget elementor-widget-spacer\" data-id=\"69e4dbb\" data-element_type=\"widget\" data-widget_type=\"spacer.default\">\n\t\t\t\t<div class=\"elementor-widget-container\">\n\t\t\t\t\t\t\t<div class=\"elementor-spacer\">\n\t\t\t<div class=\"elementor-spacer-inner\"><\/div>\n\t\t<\/div>\n\t\t\t\t\t\t<\/div>\n\t\t\t\t<\/div>\n\t\t\t\t\t<\/div>\n\t\t\t\t<\/div>\n\t\t\t\t<\/div>\n\t\t","protected":false},"excerpt":{"rendered":"<p>Kritick\u00fdm my\u0161len\u00edm k ochran\u011b klimatu \u010c\u00edm se projekt zab\u00fdv\u00e1? Zm\u011bna klimatu je t\u00e9ma, kter\u00e9 se t\u00fdk\u00e1 n\u00e1s v\u0161ech, ale je [&hellip;]<\/p>\n","protected":false},"author":1,"featured_media":0,"parent":0,"menu_order":0,"comment_status":"closed","ping_status":"closed","template":"elementor_theme","meta":{"site-sidebar-layout":"no-sidebar","site-content-layout":"","ast-site-content-layout":"full-width-container","site-content-style":"default","site-sidebar-style":"default","ast-global-header-display":"","ast-banner-title-visibility":"","ast-main-header-display":"","ast-hfb-above-header-display":"","ast-hfb-below-header-display":"","ast-hfb-mobile-header-display":"","site-post-title":"disabled","ast-breadcrumbs-content":"","ast-featured-img":"disabled","footer-sml-layout":"","theme-transparent-header-meta":"","adv-header-id-meta":"","stick-header-meta":"","header-above-stick-meta":"","header-main-stick-meta":"","header-below-stick-meta":"","astra-migrate-meta-layouts":"default","ast-page-background-enabled":"default","ast-page-background-meta":{"desktop":{"background-color":"var(--ast-global-color-4)","background-image":"","background-repeat":"repeat","background-position":"center center","background-size":"auto","background-attachment":"scroll","background-type":"","background-media":"","overlay-type":"","overlay-color":"","overlay-opacity":"","overlay-gradient":""},"tablet":{"background-color":"","background-image":"","background-repeat":"repeat","background-position":"center center","background-size":"auto","background-attachment":"scroll","background-type":"","background-media":"","overlay-type":"","overlay-color":"","overlay-opacity":"","overlay-gradient":""},"mobile":{"background-color":"","background-image":"","background-repeat":"repeat","background-position":"center center","background-size":"auto","background-attachment":"scroll","background-type":"","background-media":"","overlay-type":"","overlay-color":"","overlay-opacity":"","overlay-gradient":""}},"ast-content-background-meta":{"desktop":{"background-color":"var(--ast-global-color-5)","background-image":"","background-repeat":"repeat","background-position":"center center","background-size":"auto","background-attachment":"scroll","background-type":"","background-media":"","overlay-type":"","overlay-color":"","overlay-opacity":"","overlay-gradient":""},"tablet":{"background-color":"var(--ast-global-color-5)","background-image":"","background-repeat":"repeat","background-position":"center center","background-size":"auto","background-attachment":"scroll","background-type":"","background-media":"","overlay-type":"","overlay-color":"","overlay-opacity":"","overlay-gradient":""},"mobile":{"background-color":"var(--ast-global-color-5)","background-image":"","background-repeat":"repeat","background-position":"center center","background-size":"auto","background-attachment":"scroll","background-type":"","background-media":"","overlay-type":"","overlay-color":"","overlay-opacity":"","overlay-gradient":""}},"footnotes":""},"class_list":["post-1492","page","type-page","status-publish","hentry"],"_links":{"self":[{"href":"https:\/\/dexpo-platform.anthropolis.hu\/cs\/wp-json\/wp\/v2\/pages\/1492","targetHints":{"allow":["GET"]}}],"collection":[{"href":"https:\/\/dexpo-platform.anthropolis.hu\/cs\/wp-json\/wp\/v2\/pages"}],"about":[{"href":"https:\/\/dexpo-platform.anthropolis.hu\/cs\/wp-json\/wp\/v2\/types\/page"}],"author":[{"embeddable":true,"href":"https:\/\/dexpo-platform.anthropolis.hu\/cs\/wp-json\/wp\/v2\/users\/1"}],"replies":[{"embeddable":true,"href":"https:\/\/dexpo-platform.anthropolis.hu\/cs\/wp-json\/wp\/v2\/comments?post=1492"}],"version-history":[{"count":16,"href":"https:\/\/dexpo-platform.anthropolis.hu\/cs\/wp-json\/wp\/v2\/pages\/1492\/revisions"}],"predecessor-version":[{"id":4490,"href":"https:\/\/dexpo-platform.anthropolis.hu\/cs\/wp-json\/wp\/v2\/pages\/1492\/revisions\/4490"}],"wp:attachment":[{"href":"https:\/\/dexpo-platform.anthropolis.hu\/cs\/wp-json\/wp\/v2\/media?parent=1492"}],"curies":[{"name":"wp","href":"https:\/\/api.w.org\/{rel}","templated":true}]}}