{"id":2370,"date":"2024-07-30T11:32:35","date_gmt":"2024-07-30T11:32:35","guid":{"rendered":"https:\/\/dexpo-platform.anthropolis.hu\/skolici-materialy-cz\/"},"modified":"2024-12-17T20:10:03","modified_gmt":"2024-12-17T20:10:03","slug":"skolici-materialy-cz","status":"publish","type":"page","link":"https:\/\/dexpo-platform.anthropolis.hu\/cs\/skolici-materialy-cz\/","title":{"rendered":"\u0160kol\u00edc\u00ed materi\u00e1ly CZ"},"content":{"rendered":"\t\t<div data-elementor-type=\"wp-page\" data-elementor-id=\"2370\" class=\"elementor elementor-2370\" data-elementor-post-type=\"page\">\n\t\t\t\t<div class=\"elementor-element elementor-element-cb076a6 animated-slow e-flex e-con-boxed elementor-invisible e-con e-parent\" data-id=\"cb076a6\" data-element_type=\"container\" data-settings=\"{&quot;background_background&quot;:&quot;classic&quot;,&quot;animation&quot;:&quot;bounceInDown&quot;}\">\n\t\t\t\t\t<div class=\"e-con-inner\">\n\t\t\t\t<div class=\"elementor-element elementor-element-6f5d1a8 elementor-invisible elementor-widget elementor-widget-heading\" data-id=\"6f5d1a8\" data-element_type=\"widget\" data-settings=\"{&quot;_animation&quot;:&quot;bounceInLeft&quot;,&quot;_animation_delay&quot;:1000}\" data-widget_type=\"heading.default\">\n\t\t\t\t<div class=\"elementor-widget-container\">\n\t\t\t\t\t<h1 class=\"elementor-heading-title elementor-size-default\">Materi\u00e1ly  <br>do v\u00fduky<\/h1>\t\t\t\t<\/div>\n\t\t\t\t<\/div>\n\t\t\t\t\t<\/div>\n\t\t\t\t<\/div>\n\t\t<div class=\"elementor-element elementor-element-48bdeea animated-slow e-flex e-con-boxed elementor-invisible e-con e-parent\" data-id=\"48bdeea\" data-element_type=\"container\" data-settings=\"{&quot;animation&quot;:&quot;bounceInRight&quot;}\">\n\t\t\t\t\t<div class=\"e-con-inner\">\n\t\t<div class=\"elementor-element elementor-element-c646b86 e-con-full e-flex e-con e-child\" data-id=\"c646b86\" data-element_type=\"container\">\n\t\t\t\t<div class=\"elementor-element elementor-element-db530ca elementor-widget elementor-widget-heading\" data-id=\"db530ca\" data-element_type=\"widget\" data-widget_type=\"heading.default\">\n\t\t\t\t<div class=\"elementor-widget-container\">\n\t\t\t\t\t<h2 class=\"elementor-heading-title elementor-size-default\">Lekce do v\u00fduky<\/h2>\t\t\t\t<\/div>\n\t\t\t\t<\/div>\n\t\t\t\t<div class=\"elementor-element elementor-element-fe87fdc elementor-widget elementor-widget-text-editor\" data-id=\"fe87fdc\" data-element_type=\"widget\" data-widget_type=\"text-editor.default\">\n\t\t\t\t<div class=\"elementor-widget-container\">\n\t\t\t\t\t\t\t\t\tSborn\u00edk \u201eLekc\u00ed do v\u00fduky\u201c p\u0159edstavuje \u010dty\u0159i metody\/p\u0159\u00edstupy (Filozofie pro komunity \u2013 lekce \u010d. 1, O\u010dima druh\u00fdch \u2013 lekce \u010d. 2, Vizu\u00e1ln\u00ed gramotnost \u2013 lekce \u010d. 3-6 a P\u0159\u00ed\u010diny a d\u016fsledky \u2013 lekce \u010d. 7), kter\u00e9 lze vyu\u017e\u00edt p\u0159i pr\u00e1ci s t\u00e9maty zm\u011bny klimatu a medi\u00e1ln\u00ed gramotnosti ve form\u00e1ln\u00edm i neform\u00e1ln\u00edm vzd\u011bl\u00e1v\u00e1n\u00ed nez\u00e1vazn\u011b na sob\u011b. Dle t\u011bchto metod\/p\u0159\u00edstup\u016f je sborn\u00edk \u201eLekce do v\u00fduky\u201c rozd\u011blen na \u010dty\u0159i \u010d\u00e1sti. Celkem obsahuj\u00ed 7 kompletn\u00edch lekc\u00ed a jednu samostatnou aktivitu.\t\t\t\t\t\t\t\t<\/div>\n\t\t\t\t<\/div>\n\t\t\t\t<\/div>\n\t\t<div class=\"elementor-element elementor-element-ca5dd8a e-con-full e-transform e-flex e-con e-child\" data-id=\"ca5dd8a\" data-element_type=\"container\" data-settings=\"{&quot;background_background&quot;:&quot;classic&quot;,&quot;_transform_scale_effect_hover&quot;:{&quot;unit&quot;:&quot;px&quot;,&quot;size&quot;:1.0500000000000000444089209850062616169452667236328125,&quot;sizes&quot;:[]},&quot;_transform_scale_effect_hover_tablet&quot;:{&quot;unit&quot;:&quot;px&quot;,&quot;size&quot;:&quot;&quot;,&quot;sizes&quot;:[]},&quot;_transform_scale_effect_hover_mobile&quot;:{&quot;unit&quot;:&quot;px&quot;,&quot;size&quot;:&quot;&quot;,&quot;sizes&quot;:[]}}\">\n\t\t\t\t<div class=\"elementor-element elementor-element-6ffe70c elementor-widget elementor-widget-heading\" data-id=\"6ffe70c\" data-element_type=\"widget\" data-widget_type=\"heading.default\">\n\t\t\t\t<div class=\"elementor-widget-container\">\n\t\t\t\t\t<h3 class=\"elementor-heading-title elementor-size-default\"><a href=\"https:\/\/dexpo-platform.anthropolis.hu\/wp-content\/uploads\/2024\/07\/dexpo_training_scheme_1-cz.pdf\" target=\"_blank\">st\u00e1hnout zde<\/a><\/h3>\t\t\t\t<\/div>\n\t\t\t\t<\/div>\n\t\t\t\t<\/div>\n\t\t\t\t\t<\/div>\n\t\t\t\t<\/div>\n\t\t<div class=\"elementor-element elementor-element-79c2ece animated-slow e-flex e-con-boxed elementor-invisible e-con e-parent\" data-id=\"79c2ece\" data-element_type=\"container\" data-settings=\"{&quot;animation&quot;:&quot;bounceInLeft&quot;}\">\n\t\t\t\t\t<div class=\"e-con-inner\">\n\t\t<div class=\"elementor-element elementor-element-371e475 e-con-full e-flex e-con e-child\" data-id=\"371e475\" data-element_type=\"container\">\n\t\t\t\t<div class=\"elementor-element elementor-element-d57bdb3 elementor-widget elementor-widget-heading\" data-id=\"d57bdb3\" data-element_type=\"widget\" data-widget_type=\"heading.default\">\n\t\t\t\t<div class=\"elementor-widget-container\">\n\t\t\t\t\t<h2 class=\"elementor-heading-title elementor-size-default\">Filosofie pro komunity<\/h2>\t\t\t\t<\/div>\n\t\t\t\t<\/div>\n\t\t\t\t<div class=\"elementor-element elementor-element-76d8c52 elementor-widget elementor-widget-text-editor\" data-id=\"76d8c52\" data-element_type=\"widget\" data-widget_type=\"text-editor.default\">\n\t\t\t\t<div class=\"elementor-widget-container\">\n\t\t\t\t\t\t\t\t\tPrvn\u00ed \u010d\u00e1st sborn\u00edku \u201eLekc\u00ed do v\u00fduky\u201c obsahuje lekci \u010d. 1 \u201eDeset krok\u016f P4C k rozv\u00edjen\u00ed aktivismu v oblasti klimatu\u201c, zpracovanou metodou Filozofie pro komunity. Tato metoda rozv\u00edj\u00ed zejm\u00e9na kritick\u00e9 my\u0161len\u00ed \u017e\u00e1k\u016f a r\u016fzn\u00e9 soci\u00e1ln\u00ed dovednosti, jako je empatie, aktivn\u00ed naslouch\u00e1n\u00ed a spolupr\u00e1ce. Metodu lze pou\u017e\u00edt u v\u0161ech v\u011bkov\u00fdch skupin \u017e\u00e1k\u016f a za\u010dlenit ji do r\u016fzn\u00fdch v\u00fdukov\u00fdch p\u0159edm\u011bt\u016f. Metoda pom\u00e1h\u00e1 \u017e\u00e1k\u016fm zab\u00fdvat se i tak slo\u017eit\u00fdmi ot\u00e1zkami, jako je zm\u011bna klimatu.\t\t\t\t\t\t\t\t<\/div>\n\t\t\t\t<\/div>\n\t\t\t\t<\/div>\n\t\t<div class=\"elementor-element elementor-element-88265c5 e-con-full e-transform e-flex e-con e-child\" data-id=\"88265c5\" data-element_type=\"container\" data-settings=\"{&quot;background_background&quot;:&quot;classic&quot;,&quot;_transform_scale_effect_hover&quot;:{&quot;unit&quot;:&quot;px&quot;,&quot;size&quot;:1.0500000000000000444089209850062616169452667236328125,&quot;sizes&quot;:[]},&quot;_transform_scale_effect_hover_tablet&quot;:{&quot;unit&quot;:&quot;px&quot;,&quot;size&quot;:&quot;&quot;,&quot;sizes&quot;:[]},&quot;_transform_scale_effect_hover_mobile&quot;:{&quot;unit&quot;:&quot;px&quot;,&quot;size&quot;:&quot;&quot;,&quot;sizes&quot;:[]}}\">\n\t\t\t\t<div class=\"elementor-element elementor-element-a9301ea elementor-widget elementor-widget-heading\" data-id=\"a9301ea\" data-element_type=\"widget\" data-widget_type=\"heading.default\">\n\t\t\t\t<div class=\"elementor-widget-container\">\n\t\t\t\t\t<h3 class=\"elementor-heading-title elementor-size-default\"><a href=\"https:\/\/eshop.arpok.cz\/eshop\/filozofie-pro-komunity-pdf\/\" target=\"_blank\">st\u00e1hnout zde<\/a><\/h3>\t\t\t\t<\/div>\n\t\t\t\t<\/div>\n\t\t\t\t<\/div>\n\t\t\t\t\t<\/div>\n\t\t\t\t<\/div>\n\t\t<div class=\"elementor-element elementor-element-fc9be52 animated-slow e-flex e-con-boxed elementor-invisible e-con e-parent\" data-id=\"fc9be52\" data-element_type=\"container\" data-settings=\"{&quot;animation&quot;:&quot;bounceInRight&quot;}\">\n\t\t\t\t\t<div class=\"e-con-inner\">\n\t\t<div class=\"elementor-element elementor-element-c19b228 e-con-full e-flex e-con e-child\" data-id=\"c19b228\" data-element_type=\"container\">\n\t\t\t\t<div class=\"elementor-element elementor-element-a4f2273 elementor-widget elementor-widget-heading\" data-id=\"a4f2273\" data-element_type=\"widget\" data-widget_type=\"heading.default\">\n\t\t\t\t<div class=\"elementor-widget-container\">\n\t\t\t\t\t<h2 class=\"elementor-heading-title elementor-size-default\">O\u010dima druh\u00fdch<\/h2>\t\t\t\t<\/div>\n\t\t\t\t<\/div>\n\t\t\t\t<div class=\"elementor-element elementor-element-a2f4118 elementor-widget elementor-widget-text-editor\" data-id=\"a2f4118\" data-element_type=\"widget\" data-widget_type=\"text-editor.default\">\n\t\t\t\t<div class=\"elementor-widget-container\">\n\t\t\t\t\t\t\t\t\tDruh\u00e1 \u010d\u00e1st sborn\u00edku \u201eLekc\u00ed do v\u00fduky\u201c obsahuje lekci \u010d. 2 \u201eRozvoj a zm\u011bna klimatu\u201c a v\u00fdukovou aktivitu \u201eCo vid\u00edte?\u201c, kter\u00e9 jsou postaven\u00e9 na metod\u011b O\u010dima druh\u00fdch (Through others\u00b4eyes). Tato metoda jednoduch\u00fdm zp\u016fsobem ukazuje, pro\u010d je d\u016fle\u017eit\u00e9 sna\u017eit se vid\u011bt a ch\u00e1pat v\u011bci z r\u016fzn\u00fdch \u00fahl\u016f pohledu. C\u00edlem metody je podn\u00edtit \u017e\u00e1ky ke kritick\u00e9mu p\u0159em\u00fd\u0161len\u00ed o t\u00e9matech z r\u016fzn\u00fdch perspektiv a k uv\u011bdom\u011bn\u00ed, jak na\u0161e p\u0159edsudky utv\u00e1\u0159ej\u00ed na\u0161e ch\u00e1p\u00e1n\u00ed sv\u011bta.\t\t\t\t\t\t\t\t<\/div>\n\t\t\t\t<\/div>\n\t\t\t\t<\/div>\n\t\t<div class=\"elementor-element elementor-element-7951caf e-con-full e-transform e-flex e-con e-child\" data-id=\"7951caf\" data-element_type=\"container\" data-settings=\"{&quot;background_background&quot;:&quot;classic&quot;,&quot;_transform_scale_effect_hover&quot;:{&quot;unit&quot;:&quot;px&quot;,&quot;size&quot;:1.0500000000000000444089209850062616169452667236328125,&quot;sizes&quot;:[]},&quot;_transform_scale_effect_hover_tablet&quot;:{&quot;unit&quot;:&quot;px&quot;,&quot;size&quot;:&quot;&quot;,&quot;sizes&quot;:[]},&quot;_transform_scale_effect_hover_mobile&quot;:{&quot;unit&quot;:&quot;px&quot;,&quot;size&quot;:&quot;&quot;,&quot;sizes&quot;:[]}}\">\n\t\t\t\t<div class=\"elementor-element elementor-element-6d4cb96 elementor-widget elementor-widget-heading\" data-id=\"6d4cb96\" data-element_type=\"widget\" data-widget_type=\"heading.default\">\n\t\t\t\t<div class=\"elementor-widget-container\">\n\t\t\t\t\t<h3 class=\"elementor-heading-title elementor-size-default\"><a href=\"https:\/\/eshop.arpok.cz\/eshop\/ocima-druhych-pdf\/\" target=\"_blank\">st\u00e1hnout zde<\/a><\/h3>\t\t\t\t<\/div>\n\t\t\t\t<\/div>\n\t\t\t\t<\/div>\n\t\t\t\t\t<\/div>\n\t\t\t\t<\/div>\n\t\t<div class=\"elementor-element elementor-element-f02ecaa animated-slow e-flex e-con-boxed elementor-invisible e-con e-parent\" data-id=\"f02ecaa\" data-element_type=\"container\" data-settings=\"{&quot;animation&quot;:&quot;bounceInLeft&quot;}\">\n\t\t\t\t\t<div class=\"e-con-inner\">\n\t\t<div class=\"elementor-element elementor-element-20bc4e3 e-con-full e-flex e-con e-child\" data-id=\"20bc4e3\" data-element_type=\"container\">\n\t\t\t\t<div class=\"elementor-element elementor-element-ff6b6a5 elementor-widget elementor-widget-heading\" data-id=\"ff6b6a5\" data-element_type=\"widget\" data-widget_type=\"heading.default\">\n\t\t\t\t<div class=\"elementor-widget-container\">\n\t\t\t\t\t<h2 class=\"elementor-heading-title elementor-size-default\">Vizu\u00e1ln\u00ed gramotnost<\/h2>\t\t\t\t<\/div>\n\t\t\t\t<\/div>\n\t\t\t\t<div class=\"elementor-element elementor-element-34a369d elementor-widget elementor-widget-text-editor\" data-id=\"34a369d\" data-element_type=\"widget\" data-widget_type=\"text-editor.default\">\n\t\t\t\t<div class=\"elementor-widget-container\">\n\t\t\t\t\t\t\t\t\tTato \u010d\u00e1st Sborn\u00edku \u201eLekc\u00ed do v\u00fduky\u201c obsahuje lekce \u010d. 3 \u2013 6, kter\u00e9 vyu\u017e\u00edvaj\u00ed p\u0159\u00edstupu vizu\u00e1ln\u00ed gramotnosti. Vizu\u00e1ln\u00ed gramotnost je schopnost interpretovat a vytv\u00e1\u0159et vizu\u00e1ln\u00ed prvky pro komunikaci. Tato metoda podporuje kritick\u00e9 my\u0161len\u00ed a kreativitu zejm\u00e9na prac\u00ed s vizu\u00e1ln\u00edmi i textov\u00fdmi prvky. Kritick\u00e9 my\u0161len\u00ed je rozv\u00edjeno anal\u00fdzou obrazu z n\u011bkolika \u00fahl\u016f pohledu a podporov\u00e1no interakc\u00ed ve skupin\u011b a diskuz\u00ed.\t\t\t\t\t\t\t\t<\/div>\n\t\t\t\t<\/div>\n\t\t\t\t<\/div>\n\t\t<div class=\"elementor-element elementor-element-1570b7b e-con-full e-transform e-flex e-con e-child\" data-id=\"1570b7b\" data-element_type=\"container\" data-settings=\"{&quot;background_background&quot;:&quot;classic&quot;,&quot;_transform_scale_effect_hover&quot;:{&quot;unit&quot;:&quot;px&quot;,&quot;size&quot;:1.0500000000000000444089209850062616169452667236328125,&quot;sizes&quot;:[]},&quot;_transform_scale_effect_hover_tablet&quot;:{&quot;unit&quot;:&quot;px&quot;,&quot;size&quot;:&quot;&quot;,&quot;sizes&quot;:[]},&quot;_transform_scale_effect_hover_mobile&quot;:{&quot;unit&quot;:&quot;px&quot;,&quot;size&quot;:&quot;&quot;,&quot;sizes&quot;:[]}}\">\n\t\t\t\t<div class=\"elementor-element elementor-element-221bca0 elementor-widget elementor-widget-heading\" data-id=\"221bca0\" data-element_type=\"widget\" data-widget_type=\"heading.default\">\n\t\t\t\t<div class=\"elementor-widget-container\">\n\t\t\t\t\t<h3 class=\"elementor-heading-title elementor-size-default\"><a href=\"https:\/\/eshop.arpok.cz\/eshop\/vizualni-gramotnost-pdf\/\" target=\"_blank\">st\u00e1hnout zde<\/a><\/h3>\t\t\t\t<\/div>\n\t\t\t\t<\/div>\n\t\t\t\t<\/div>\n\t\t\t\t\t<\/div>\n\t\t\t\t<\/div>\n\t\t<div class=\"elementor-element elementor-element-ad320f1 animated-slow e-flex e-con-boxed elementor-invisible e-con e-parent\" data-id=\"ad320f1\" data-element_type=\"container\" data-settings=\"{&quot;animation&quot;:&quot;bounceInLeft&quot;}\">\n\t\t\t\t\t<div class=\"e-con-inner\">\n\t\t<div class=\"elementor-element elementor-element-b53dae5 e-con-full e-flex e-con e-child\" data-id=\"b53dae5\" data-element_type=\"container\">\n\t\t\t\t<div class=\"elementor-element elementor-element-01174c3 elementor-widget elementor-widget-heading\" data-id=\"01174c3\" data-element_type=\"widget\" data-widget_type=\"heading.default\">\n\t\t\t\t<div class=\"elementor-widget-container\">\n\t\t\t\t\t<h2 class=\"elementor-heading-title elementor-size-default\">P\u0159\u00ed\u010diny a d\u016fsledky<\/h2>\t\t\t\t<\/div>\n\t\t\t\t<\/div>\n\t\t\t\t<div class=\"elementor-element elementor-element-e0f34ea elementor-widget elementor-widget-text-editor\" data-id=\"e0f34ea\" data-element_type=\"widget\" data-widget_type=\"text-editor.default\">\n\t\t\t\t<div class=\"elementor-widget-container\">\n\t\t\t\t\t\t\t\t\t\u010ctvrt\u00e1 \u010d\u00e1st Lekce do v\u00fduky obsahuje lekci \u010d. 7 \u201eKlimatick\u00e1 zm\u011bna v zajet\u00ed \u010dasu\u201c, kter\u00e1 vyu\u017e\u00edv\u00e1 p\u0159\u00edstup P\u0159\u00ed\u010diny a d\u016fsledky. Tento p\u0159\u00edstup otev\u00edr\u00e1 kritick\u00fd n\u00e1hled na historick\u00e9, soci\u00e1ln\u00ed nebo geografick\u00e9 kontexty glob\u00e1ln\u00edch t\u00e9mat. V\u011bnuje se historick\u00fdm i aktu\u00e1ln\u00edm p\u0159\u00ed\u010din\u00e1m a n\u00e1sledk\u016fm glob\u00e1ln\u00edch t\u00e9mat a jejich prov\u00e1zanosti na v\u0161ech \u00farovn\u00edch (\u017eiv\u00e9 i ne\u017eiv\u00e9 organismy, ekosyst\u00e9my).\t\t\t\t\t\t\t\t<\/div>\n\t\t\t\t<\/div>\n\t\t\t\t<\/div>\n\t\t<div class=\"elementor-element elementor-element-d15b586 e-con-full e-transform e-flex e-con e-child\" data-id=\"d15b586\" data-element_type=\"container\" data-settings=\"{&quot;background_background&quot;:&quot;classic&quot;,&quot;_transform_scale_effect_hover&quot;:{&quot;unit&quot;:&quot;px&quot;,&quot;size&quot;:1.0500000000000000444089209850062616169452667236328125,&quot;sizes&quot;:[]},&quot;_transform_scale_effect_hover_tablet&quot;:{&quot;unit&quot;:&quot;px&quot;,&quot;size&quot;:&quot;&quot;,&quot;sizes&quot;:[]},&quot;_transform_scale_effect_hover_mobile&quot;:{&quot;unit&quot;:&quot;px&quot;,&quot;size&quot;:&quot;&quot;,&quot;sizes&quot;:[]}}\">\n\t\t\t\t<div class=\"elementor-element elementor-element-c115b3e elementor-widget elementor-widget-heading\" data-id=\"c115b3e\" data-element_type=\"widget\" data-widget_type=\"heading.default\">\n\t\t\t\t<div class=\"elementor-widget-container\">\n\t\t\t\t\t<h3 class=\"elementor-heading-title elementor-size-default\"><a href=\"https:\/\/eshop.arpok.cz\/eshop\/priciny-a-dusledky-pdf-2\/\" target=\"_blank\">st\u00e1hnout zde<\/a><\/h3>\t\t\t\t<\/div>\n\t\t\t\t<\/div>\n\t\t\t\t<\/div>\n\t\t\t\t\t<\/div>\n\t\t\t\t<\/div>\n\t\t<div class=\"elementor-element elementor-element-d285ef0 animated-slow e-flex e-con-boxed elementor-invisible e-con e-parent\" data-id=\"d285ef0\" data-element_type=\"container\" data-settings=\"{&quot;animation&quot;:&quot;bounceInLeft&quot;}\">\n\t\t\t\t\t<div class=\"e-con-inner\">\n\t\t<div class=\"elementor-element elementor-element-3bc81b7 e-con-full e-flex e-con e-child\" data-id=\"3bc81b7\" data-element_type=\"container\">\n\t\t\t\t<div class=\"elementor-element elementor-element-4a2edf4 elementor-widget elementor-widget-heading\" data-id=\"4a2edf4\" data-element_type=\"widget\" data-widget_type=\"heading.default\">\n\t\t\t\t<div class=\"elementor-widget-container\">\n\t\t\t\t\t<h2 class=\"elementor-heading-title elementor-size-default\">Pravda nebo le\u017e?<\/h2>\t\t\t\t<\/div>\n\t\t\t\t<\/div>\n\t\t\t\t<div class=\"elementor-element elementor-element-12d24ec elementor-widget elementor-widget-text-editor\" data-id=\"12d24ec\" data-element_type=\"widget\" data-widget_type=\"text-editor.default\">\n\t\t\t\t<div class=\"elementor-widget-container\">\n\t\t\t\t\t\t\t\t\tSoubor 10 dopl\u0148kov\u00fdch aktivit a lekc\u00ed pro e-learningov\u00fd kurz Kritick\u00fdm my\u0161len\u00edm k ochran\u011b klimatu zam\u011b\u0159uj\u00edc\u00edch se na klimatickou zm\u011bnu, glob\u00e1ln\u00ed t\u00e9mata, medi\u00e1ln\u00ed a informa\u010dn\u00ed gramotnost, a to prost\u0159ednictv\u00edm kreativn\u00edch metod Digital storytelling, Filozofie pro komunity, O\u010dima druh\u00fdch a P\u0159\u00ed\u010diny a d\u016fsledky.\t\t\t\t\t\t\t\t<\/div>\n\t\t\t\t<\/div>\n\t\t\t\t<\/div>\n\t\t<div class=\"elementor-element elementor-element-c249e73 e-con-full e-transform e-flex e-con e-child\" data-id=\"c249e73\" data-element_type=\"container\" data-settings=\"{&quot;background_background&quot;:&quot;classic&quot;,&quot;_transform_scale_effect_hover&quot;:{&quot;unit&quot;:&quot;px&quot;,&quot;size&quot;:1.0500000000000000444089209850062616169452667236328125,&quot;sizes&quot;:[]},&quot;_transform_scale_effect_hover_tablet&quot;:{&quot;unit&quot;:&quot;px&quot;,&quot;size&quot;:&quot;&quot;,&quot;sizes&quot;:[]},&quot;_transform_scale_effect_hover_mobile&quot;:{&quot;unit&quot;:&quot;px&quot;,&quot;size&quot;:&quot;&quot;,&quot;sizes&quot;:[]}}\">\n\t\t\t\t<div class=\"elementor-element elementor-element-c1eb362 elementor-widget elementor-widget-heading\" data-id=\"c1eb362\" data-element_type=\"widget\" data-widget_type=\"heading.default\">\n\t\t\t\t<div class=\"elementor-widget-container\">\n\t\t\t\t\t<h3 class=\"elementor-heading-title elementor-size-default\"><a href=\"https:\/\/eshop.arpok.cz\/eshop\/kritickym-myslenim-k-ochrane-klimatu\/\" target=\"_blank\">st\u00e1hnout zde<\/a><\/h3>\t\t\t\t<\/div>\n\t\t\t\t<\/div>\n\t\t\t\t<\/div>\n\t\t\t\t\t<\/div>\n\t\t\t\t<\/div>\n\t\t<div class=\"elementor-element elementor-element-5dba28f e-flex e-con-boxed elementor-invisible e-con e-parent\" data-id=\"5dba28f\" data-element_type=\"container\" data-settings=\"{&quot;animation&quot;:&quot;bounceInRight&quot;,&quot;animation_delay&quot;:2000}\">\n\t\t\t\t\t<div class=\"e-con-inner\">\n\t\t\t\t\t<\/div>\n\t\t\t\t<\/div>\n\t\t<div class=\"elementor-element elementor-element-ef3a2a7 e-con-full e-flex elementor-invisible e-con e-parent\" data-id=\"ef3a2a7\" data-element_type=\"container\" data-settings=\"{&quot;background_background&quot;:&quot;classic&quot;,&quot;animation&quot;:&quot;bounceInLeft&quot;,&quot;animation_delay&quot;:3000}\">\n\t\t\t\t<\/div>\n\t\t\t\t<\/div>\n\t\t","protected":false},"excerpt":{"rendered":"<p>Materi\u00e1ly do v\u00fduky Lekce do v\u00fduky Sborn\u00edk \u201eLekc\u00ed do v\u00fduky\u201c p\u0159edstavuje \u010dty\u0159i metody\/p\u0159\u00edstupy (Filozofie pro komunity \u2013 lekce \u010d. 1, [&hellip;]<\/p>\n","protected":false},"author":1,"featured_media":0,"parent":0,"menu_order":0,"comment_status":"closed","ping_status":"closed","template":"elementor_header_footer","meta":{"site-sidebar-layout":"default","site-content-layout":"","ast-site-content-layout":"","site-content-style":"default","site-sidebar-style":"default","ast-global-header-display":"","ast-banner-title-visibility":"","ast-main-header-display":"","ast-hfb-above-header-display":"","ast-hfb-below-header-display":"","ast-hfb-mobile-header-display":"","site-post-title":"","ast-breadcrumbs-content":"","ast-featured-img":"","footer-sml-layout":"","theme-transparent-header-meta":"","adv-header-id-meta":"","stick-header-meta":"","header-above-stick-meta":"","header-main-stick-meta":"","header-below-stick-meta":"","astra-migrate-meta-layouts":"default","ast-page-background-enabled":"default","ast-page-background-meta":{"desktop":{"background-color":"var(--ast-global-color-4)","background-image":"","background-repeat":"repeat","background-position":"center center","background-size":"auto","background-attachment":"scroll","background-type":"","background-media":"","overlay-type":"","overlay-color":"","overlay-opacity":"","overlay-gradient":""},"tablet":{"background-color":"","background-image":"","background-repeat":"repeat","background-position":"center center","background-size":"auto","background-attachment":"scroll","background-type":"","background-media":"","overlay-type":"","overlay-color":"","overlay-opacity":"","overlay-gradient":""},"mobile":{"background-color":"","background-image":"","background-repeat":"repeat","background-position":"center center","background-size":"auto","background-attachment":"scroll","background-type":"","background-media":"","overlay-type":"","overlay-color":"","overlay-opacity":"","overlay-gradient":""}},"ast-content-background-meta":{"desktop":{"background-color":"var(--ast-global-color-5)","background-image":"","background-repeat":"repeat","background-position":"center center","background-size":"auto","background-attachment":"scroll","background-type":"","background-media":"","overlay-type":"","overlay-color":"","overlay-opacity":"","overlay-gradient":""},"tablet":{"background-color":"var(--ast-global-color-5)","background-image":"","background-repeat":"repeat","background-position":"center center","background-size":"auto","background-attachment":"scroll","background-type":"","background-media":"","overlay-type":"","overlay-color":"","overlay-opacity":"","overlay-gradient":""},"mobile":{"background-color":"var(--ast-global-color-5)","background-image":"","background-repeat":"repeat","background-position":"center center","background-size":"auto","background-attachment":"scroll","background-type":"","background-media":"","overlay-type":"","overlay-color":"","overlay-opacity":"","overlay-gradient":""}},"footnotes":""},"class_list":["post-2370","page","type-page","status-publish","hentry"],"_links":{"self":[{"href":"https:\/\/dexpo-platform.anthropolis.hu\/cs\/wp-json\/wp\/v2\/pages\/2370","targetHints":{"allow":["GET"]}}],"collection":[{"href":"https:\/\/dexpo-platform.anthropolis.hu\/cs\/wp-json\/wp\/v2\/pages"}],"about":[{"href":"https:\/\/dexpo-platform.anthropolis.hu\/cs\/wp-json\/wp\/v2\/types\/page"}],"author":[{"embeddable":true,"href":"https:\/\/dexpo-platform.anthropolis.hu\/cs\/wp-json\/wp\/v2\/users\/1"}],"replies":[{"embeddable":true,"href":"https:\/\/dexpo-platform.anthropolis.hu\/cs\/wp-json\/wp\/v2\/comments?post=2370"}],"version-history":[{"count":16,"href":"https:\/\/dexpo-platform.anthropolis.hu\/cs\/wp-json\/wp\/v2\/pages\/2370\/revisions"}],"predecessor-version":[{"id":4435,"href":"https:\/\/dexpo-platform.anthropolis.hu\/cs\/wp-json\/wp\/v2\/pages\/2370\/revisions\/4435"}],"wp:attachment":[{"href":"https:\/\/dexpo-platform.anthropolis.hu\/cs\/wp-json\/wp\/v2\/media?parent=2370"}],"curies":[{"name":"wp","href":"https:\/\/api.w.org\/{rel}","templated":true}]}}