{"id":2398,"date":"2024-07-25T22:18:12","date_gmt":"2024-07-25T22:18:12","guid":{"rendered":"https:\/\/dexpo-platform.anthropolis.hu\/o-strankach\/"},"modified":"2025-01-13T00:23:49","modified_gmt":"2025-01-13T00:23:49","slug":"o-strankach","status":"publish","type":"page","link":"https:\/\/dexpo-platform.anthropolis.hu\/cs\/o-strankach\/","title":{"rendered":"O str\u00e1nk\u00e1ch"},"content":{"rendered":"\t\t<div data-elementor-type=\"wp-page\" data-elementor-id=\"2398\" class=\"elementor elementor-2398\" data-elementor-post-type=\"page\">\n\t\t\t\t<div class=\"elementor-element elementor-element-130460b animated-slow e-flex e-con-boxed elementor-invisible e-con e-parent\" data-id=\"130460b\" data-element_type=\"container\" data-settings=\"{&quot;animation&quot;:&quot;bounceInDown&quot;}\">\n\t\t\t\t\t<div class=\"e-con-inner\">\n\t\t<div class=\"elementor-element elementor-element-0cad217 e-con-full e-flex e-con e-child\" data-id=\"0cad217\" data-element_type=\"container\">\n\t\t\t\t<div class=\"elementor-element elementor-element-14d1661 elementor-widget elementor-widget-heading\" data-id=\"14d1661\" data-element_type=\"widget\" data-widget_type=\"heading.default\">\n\t\t\t\t<div class=\"elementor-widget-container\">\n\t\t\t\t\t<h3 class=\"elementor-heading-title elementor-size-default\">V\u00fduka klimatick\u00e9 zm\u011bny je n\u00e1ro\u010dn\u00e1 nejen pro svou komplexnost, ale i kv\u016fli \u0161irok\u00e9 \u0161k\u00e1le dezinformac\u00ed, kter\u00e9 se \u0161\u00ed\u0159\u00ed m\u00e9dii. Klimatick\u00e1 zm\u011bna jako glob\u00e1ln\u00ed fenom\u00e9n je p\u0159edm\u011btem intenzivn\u00edch debat z r\u016fzn\u00fdch pohled\u016f, od v\u011bdeck\u00e9 roviny a\u017e po f\u00e1my.\nP\u0159esto\u017ee existuje v\u011bdeck\u00fd konsenzus ohledn\u011b lidsk\u00e9ho pod\u00edlu na zm\u011bn\u011b klimatu, st\u00e1le o n\u00ed panuje mnoho myln\u00fdch p\u0159edstav a masm\u00e9dia vzhledem ke sv\u00e9 povaze \u0161kodliv\u00e9 \u00fa\u010dinky glob\u00e1ln\u00edch proces\u016f p\u0159ehnan\u011b zd\u016fraz\u0148uj\u00ed.\nEmoce, kter\u00e9 tak klimatick\u00e1 zm\u011bna vyvol\u00e1v\u00e1, jsou \u010dasto extr\u00e9mn\u00ed \u2013 od pocit\u016f nudy na jedn\u00e9 stran\u011b k \u00fazkosti a bezmoci na stran\u011b druh\u00e9.  <\/h3>\t\t\t\t<\/div>\n\t\t\t\t<\/div>\n\t\t\t\t<\/div>\n\t\t\t\t\t<\/div>\n\t\t\t\t<\/div>\n\t\t<div class=\"elementor-element elementor-element-95b345c animated-slow e-flex e-con-boxed elementor-invisible e-con e-parent\" data-id=\"95b345c\" data-element_type=\"container\" data-settings=\"{&quot;animation&quot;:&quot;bounceInRight&quot;,&quot;animation_delay&quot;:500}\">\n\t\t\t\t\t<div class=\"e-con-inner\">\n\t\t<div class=\"elementor-element elementor-element-1a9f47a e-con-full e-flex e-con e-child\" data-id=\"1a9f47a\" data-element_type=\"container\">\n\t\t\t\t<div class=\"elementor-element elementor-element-0652729 elementor-widget elementor-widget-text-editor\" data-id=\"0652729\" data-element_type=\"widget\" data-widget_type=\"text-editor.default\">\n\t\t\t\t<div class=\"elementor-widget-container\">\n\t\t\t\t\t\t\t\t\t<p>V 21. stolet\u00ed jsou pro mnoho lid\u00ed v\u00fdznamn\u00fdm zdrojem informac\u00ed soci\u00e1ln\u00ed m\u00e9dia, kter\u00e1 jsou mnohem m\u00e9n\u011b spolehliv\u00e1. Schopnost kritick\u00e9ho my\u0161len\u00ed je tak z\u00e1sadn\u00ed a d\u016fle\u017eit\u011bj\u0161\u00ed ne\u017e kdykoli p\u0159edt\u00edm.<br \/>\nSchopnost kritick\u00e9ho my\u0161len\u00ed je kl\u00ed\u010dov\u00e1 a d\u016fle\u017eit\u011bj\u0161\u00ed ne\u017e kdykoli p\u0159edt\u00edm.<br \/>\nKriticky uva\u017euj\u00edc\u00ed ob\u010dan se dok\u00e1\u017ee orientovat v rozporupln\u00fdch informac\u00edch a rozpoznat ne\u00fapln\u00e9 a neobjektivn\u00ed zdroje.<br \/>\nKritick\u00e9 my\u0161len\u00ed, kter\u00e9 se op\u00edr\u00e1 o informace z m\u00e9di\u00ed, by m\u011blo zahrnovat pochopen\u00ed toho, pro\u010d a jak by se m\u011blo postupovat v oblasti klimatu.   <\/p>\n\t\t\t\t\t\t\t\t<\/div>\n\t\t\t\t<\/div>\n\t\t\t\t<div class=\"elementor-element elementor-element-24f72e2 elementor-widget elementor-widget-text-editor\" data-id=\"24f72e2\" data-element_type=\"widget\" data-widget_type=\"text-editor.default\">\n\t\t\t\t<div class=\"elementor-widget-container\">\n\t\t\t\t\t\t\t\t\t<p>Projekt je proto zam\u011b\u0159en na v\u00fduku kritick\u00e9ho my\u0161len\u00ed a medi\u00e1ln\u00ed gramotnosti v ot\u00e1zk\u00e1ch klimatick\u00e9 zm\u011bny. C\u00edlem projektu je tak\u00e9 zajistit, aby kritick\u00e9 my\u0161len\u00ed a problematika medi\u00e1ln\u00ed manipulace byly sou\u010d\u00e1st\u00ed metodik k v\u00fduce o klimatick\u00e9 zm\u011bn\u011b.<\/p>\n\t\t\t\t\t\t\t\t<\/div>\n\t\t\t\t<\/div>\n\t\t\t\t<\/div>\n\t\t\t\t\t<\/div>\n\t\t\t\t<\/div>\n\t\t<div class=\"elementor-element elementor-element-a552970 animated-slow e-flex e-con-boxed elementor-invisible e-con e-parent\" data-id=\"a552970\" data-element_type=\"container\" data-settings=\"{&quot;animation&quot;:&quot;bounceIn&quot;}\">\n\t\t\t\t\t<div class=\"e-con-inner\">\n\t\t<div class=\"elementor-element elementor-element-511103e e-con-full e-transform e-flex e-con e-child\" data-id=\"511103e\" data-element_type=\"container\" data-settings=\"{&quot;background_background&quot;:&quot;classic&quot;,&quot;_transform_scale_effect_hover&quot;:{&quot;unit&quot;:&quot;px&quot;,&quot;size&quot;:1.0500000000000000444089209850062616169452667236328125,&quot;sizes&quot;:[]},&quot;_transform_scale_effect_hover_tablet&quot;:{&quot;unit&quot;:&quot;px&quot;,&quot;size&quot;:&quot;&quot;,&quot;sizes&quot;:[]},&quot;_transform_scale_effect_hover_mobile&quot;:{&quot;unit&quot;:&quot;px&quot;,&quot;size&quot;:&quot;&quot;,&quot;sizes&quot;:[]}}\">\n\t\t\t\t<div class=\"elementor-element elementor-element-691d7d3 elementor-widget elementor-widget-heading\" data-id=\"691d7d3\" data-element_type=\"widget\" data-widget_type=\"heading.default\">\n\t\t\t\t<div class=\"elementor-widget-container\">\n\t\t\t\t\t<h1 class=\"elementor-heading-title elementor-size-default\">PARTNE\u0158I<\/h1>\t\t\t\t<\/div>\n\t\t\t\t<\/div>\n\t\t\t\t<\/div>\n\t\t\t\t\t<\/div>\n\t\t\t\t<\/div>\n\t\t<div class=\"elementor-element elementor-element-97fb4e8 animated-slow e-flex e-con-boxed elementor-invisible e-con e-parent\" data-id=\"97fb4e8\" data-element_type=\"container\" data-settings=\"{&quot;animation&quot;:&quot;bounceInLeft&quot;}\">\n\t\t\t\t\t<div class=\"e-con-inner\">\n\t\t<div class=\"elementor-element elementor-element-a5ec413 e-con-full e-transform e-flex e-con e-child\" data-id=\"a5ec413\" data-element_type=\"container\" data-settings=\"{&quot;background_background&quot;:&quot;classic&quot;,&quot;_transform_scale_effect_hover&quot;:{&quot;unit&quot;:&quot;px&quot;,&quot;size&quot;:1.0500000000000000444089209850062616169452667236328125,&quot;sizes&quot;:[]},&quot;_transform_scale_effect_hover_tablet&quot;:{&quot;unit&quot;:&quot;px&quot;,&quot;size&quot;:&quot;&quot;,&quot;sizes&quot;:[]},&quot;_transform_scale_effect_hover_mobile&quot;:{&quot;unit&quot;:&quot;px&quot;,&quot;size&quot;:&quot;&quot;,&quot;sizes&quot;:[]}}\">\n\t\t\t\t<div class=\"elementor-element elementor-element-60ab8ea elementor-widget elementor-widget-heading\" data-id=\"60ab8ea\" data-element_type=\"widget\" data-widget_type=\"heading.default\">\n\t\t\t\t<div class=\"elementor-widget-container\">\n\t\t\t\t\t<h2 class=\"elementor-heading-title elementor-size-default\">Anthropolis<\/h2>\t\t\t\t<\/div>\n\t\t\t\t<\/div>\n\t\t\t\t<\/div>\n\t\t<div class=\"elementor-element elementor-element-4d6f2b1 e-con-full e-flex e-con e-child\" data-id=\"4d6f2b1\" data-element_type=\"container\" data-settings=\"{&quot;background_background&quot;:&quot;classic&quot;}\">\n\t\t\t\t<div class=\"elementor-element elementor-element-b917591 elementor-widget elementor-widget-image\" data-id=\"b917591\" data-element_type=\"widget\" data-widget_type=\"image.default\">\n\t\t\t\t<div class=\"elementor-widget-container\">\n\t\t\t\t\t\t\t\t\t\t\t\t\t\t\t<img decoding=\"async\" width=\"300\" height=\"56\" src=\"https:\/\/dexpo-platform.anthropolis.hu\/wp-content\/uploads\/2024\/12\/anthropolis-logo.png\" class=\"attachment-large size-large wp-image-4381\" alt=\"\" \/>\t\t\t\t\t\t\t\t\t\t\t\t\t\t\t<\/div>\n\t\t\t\t<\/div>\n\t\t\t\t<\/div>\n\t\t<div class=\"elementor-element elementor-element-f37eb04 e-con-full e-flex e-con e-child\" data-id=\"f37eb04\" data-element_type=\"container\">\n\t\t\t\t<div class=\"elementor-element elementor-element-bd0e992 elementor-widget elementor-widget-text-editor\" data-id=\"bd0e992\" data-element_type=\"widget\" data-widget_type=\"text-editor.default\">\n\t\t\t\t<div class=\"elementor-widget-container\">\n\t\t\t\t\t\t\t\t\t<p>Anthropolis je obecn\u011b prosp\u011b\u0161n\u00e1 neziskov\u00e1 spole\u010dnost se s\u00eddlem v Budape\u0161ti v Ma\u010farsku, kter\u00e1 byla zalo\u017eena v roce 2002. Z\u00e1m\u011brem organizace je prosazovat hodnoty multikulturn\u00ed spole\u010dnosti, participativn\u00edho p\u0159\u00edstupu, pos\u00edlen\u00ed postaven\u00ed ob\u010dan\u016f a informovanosti o glob\u00e1ln\u00edch probl\u00e9mech. Jsme jednou z p\u0159edn\u00edch organizac\u00ed v Ma\u010farsku, kter\u00e1 poskytuje glob\u00e1ln\u00ed vzd\u011bl\u00e1v\u00e1n\u00ed u\u010ditel\u016fm, vychovatel\u016fm a student\u016fm. Na\u0161e vzd\u011bl\u00e1vac\u00ed aktivity jsou zalo\u017eeny na interaktivn\u00edch, participativn\u00edch metod\u00e1ch. Jsme tak\u00e9 odborn\u00edky na digit\u00e1ln\u00ed storytelling a tyto metody pou\u017e\u00edv\u00e1me s r\u016fzn\u00fdmi c\u00edlov\u00fdmi skupinami, v\u010detn\u011b student\u016f, u\u010ditel\u016f, lid\u00ed se speci\u00e1ln\u00edmi pot\u0159ebami a odborn\u00edk\u016f.<\/p>\t\t\t\t\t\t\t\t<\/div>\n\t\t\t\t<\/div>\n\t\t\t\t<div class=\"elementor-element elementor-element-3acacf2 elementor-widget elementor-widget-heading\" data-id=\"3acacf2\" data-element_type=\"widget\" data-widget_type=\"heading.default\">\n\t\t\t\t<div class=\"elementor-widget-container\">\n\t\t\t\t\t<h3 class=\"elementor-heading-title elementor-size-default\"><a href=\"https:\/\/anthropolis.hu\/\" target=\"_blank\">www.anthropolis.hu<\/a><\/h3>\t\t\t\t<\/div>\n\t\t\t\t<\/div>\n\t\t\t\t<\/div>\n\t\t\t\t\t<\/div>\n\t\t\t\t<\/div>\n\t\t<div class=\"elementor-element elementor-element-b2925da animated-slow e-flex e-con-boxed elementor-invisible e-con e-parent\" data-id=\"b2925da\" data-element_type=\"container\" data-settings=\"{&quot;animation&quot;:&quot;bounceInRight&quot;}\">\n\t\t\t\t\t<div class=\"e-con-inner\">\n\t\t<div class=\"elementor-element elementor-element-cadfb79 e-con-full e-transform e-flex e-con e-child\" data-id=\"cadfb79\" data-element_type=\"container\" data-settings=\"{&quot;background_background&quot;:&quot;classic&quot;,&quot;_transform_scale_effect_hover&quot;:{&quot;unit&quot;:&quot;px&quot;,&quot;size&quot;:1.0500000000000000444089209850062616169452667236328125,&quot;sizes&quot;:[]},&quot;_transform_scale_effect_hover_tablet&quot;:{&quot;unit&quot;:&quot;px&quot;,&quot;size&quot;:&quot;&quot;,&quot;sizes&quot;:[]},&quot;_transform_scale_effect_hover_mobile&quot;:{&quot;unit&quot;:&quot;px&quot;,&quot;size&quot;:&quot;&quot;,&quot;sizes&quot;:[]}}\">\n\t\t\t\t<div class=\"elementor-element elementor-element-1986a4c elementor-widget elementor-widget-heading\" data-id=\"1986a4c\" data-element_type=\"widget\" data-widget_type=\"heading.default\">\n\t\t\t\t<div class=\"elementor-widget-container\">\n\t\t\t\t\t<h2 class=\"elementor-heading-title elementor-size-default\">Arpok<\/h2>\t\t\t\t<\/div>\n\t\t\t\t<\/div>\n\t\t\t\t<\/div>\n\t\t<div class=\"elementor-element elementor-element-c6cfb02 e-con-full e-flex e-con e-child\" data-id=\"c6cfb02\" data-element_type=\"container\" data-settings=\"{&quot;background_background&quot;:&quot;classic&quot;}\">\n\t\t\t\t<div class=\"elementor-element elementor-element-cb176a2 elementor-widget elementor-widget-image\" data-id=\"cb176a2\" data-element_type=\"widget\" data-widget_type=\"image.default\">\n\t\t\t\t<div class=\"elementor-widget-container\">\n\t\t\t\t\t\t\t\t\t\t\t\t\t\t\t<img fetchpriority=\"high\" decoding=\"async\" width=\"721\" height=\"575\" src=\"https:\/\/dexpo-platform.anthropolis.hu\/wp-content\/uploads\/2024\/12\/arpok_logo_bez_2022.png\" class=\"attachment-large size-large wp-image-4386\" alt=\"\" srcset=\"https:\/\/dexpo-platform.anthropolis.hu\/wp-content\/uploads\/2024\/12\/arpok_logo_bez_2022.png 721w, https:\/\/dexpo-platform.anthropolis.hu\/wp-content\/uploads\/2024\/12\/arpok_logo_bez_2022-300x239.png 300w\" sizes=\"(max-width: 721px) 100vw, 721px\" \/>\t\t\t\t\t\t\t\t\t\t\t\t\t\t\t<\/div>\n\t\t\t\t<\/div>\n\t\t\t\t<\/div>\n\t\t<div class=\"elementor-element elementor-element-a4a15d5 e-con-full e-flex e-con e-child\" data-id=\"a4a15d5\" data-element_type=\"container\">\n\t\t\t\t<div class=\"elementor-element elementor-element-9f2cd9e elementor-widget elementor-widget-text-editor\" data-id=\"9f2cd9e\" data-element_type=\"widget\" data-widget_type=\"text-editor.default\">\n\t\t\t\t<div class=\"elementor-widget-container\">\n\t\t\t\t\t\t\t\t\t<p>Arpok je neziskov\u00e1 organizace se s\u00eddlem v Olomouci a byla zalo\u017eena v roce 2004. Na\u0161\u00edm c\u00edlem je pod\u00edlet se na udr\u017eiteln\u00e9m rozvoji ve sv\u011bt\u011b a vytv\u00e1\u0159et aktivn\u00ed, respektuj\u00edc\u00ed a otev\u0159enou spole\u010dnost, kter\u00e1 vn\u00edm\u00e1 propojenost a slo\u017eitost sv\u011bta a p\u0159ij\u00edm\u00e1 sv\u016fj d\u00edl odpov\u011bdnosti. Nab\u00edz\u00edme \u0161irokou \u0161k\u00e1lu vzd\u011bl\u00e1vac\u00edch program\u016f pro \u017e\u00e1ky a studenty na t\u00e9mata souvisej\u00edc\u00ed s glob\u00e1ln\u00edm vzd\u011bl\u00e1v\u00e1n\u00edm. Pro u\u010ditele po\u0159\u00e1d\u00e1me workshopy na glob\u00e1ln\u00ed t\u00e9mata a nab\u00edz\u00edme ov\u011b\u0159en\u00e9 metodick\u00e9 materi\u00e1ly s n\u00e1vrhy a praktick\u00fdmi tipy, jak je za\u0159adit do v\u00fduky. Spolupracujeme s v\u00edce ne\u017e 60 \u0161kolami, p\u0159edev\u0161\u00edm v Olomouck\u00e9m kraji.<\/p>\t\t\t\t\t\t\t\t<\/div>\n\t\t\t\t<\/div>\n\t\t\t\t<div class=\"elementor-element elementor-element-27964e3 elementor-widget elementor-widget-heading\" data-id=\"27964e3\" data-element_type=\"widget\" data-widget_type=\"heading.default\">\n\t\t\t\t<div class=\"elementor-widget-container\">\n\t\t\t\t\t<h3 class=\"elementor-heading-title elementor-size-default\"><a href=\"https:\/\/www.arpok.cz\" target=\"_blank\">www.arpok.cz<\/a><\/h3>\t\t\t\t<\/div>\n\t\t\t\t<\/div>\n\t\t\t\t<\/div>\n\t\t\t\t\t<\/div>\n\t\t\t\t<\/div>\n\t\t<div class=\"elementor-element elementor-element-408a5ae animated-slow e-flex e-con-boxed elementor-invisible e-con e-parent\" data-id=\"408a5ae\" data-element_type=\"container\" data-settings=\"{&quot;animation&quot;:&quot;bounceInLeft&quot;}\">\n\t\t\t\t\t<div class=\"e-con-inner\">\n\t\t<div class=\"elementor-element elementor-element-c939ad8 e-con-full e-transform e-flex e-con e-child\" data-id=\"c939ad8\" data-element_type=\"container\" data-settings=\"{&quot;background_background&quot;:&quot;classic&quot;,&quot;_transform_scale_effect_hover&quot;:{&quot;unit&quot;:&quot;px&quot;,&quot;size&quot;:1.0500000000000000444089209850062616169452667236328125,&quot;sizes&quot;:[]},&quot;_transform_scale_effect_hover_tablet&quot;:{&quot;unit&quot;:&quot;px&quot;,&quot;size&quot;:&quot;&quot;,&quot;sizes&quot;:[]},&quot;_transform_scale_effect_hover_mobile&quot;:{&quot;unit&quot;:&quot;px&quot;,&quot;size&quot;:&quot;&quot;,&quot;sizes&quot;:[]}}\">\n\t\t\t\t<div class=\"elementor-element elementor-element-c1ce2c9 elementor-widget elementor-widget-heading\" data-id=\"c1ce2c9\" data-element_type=\"widget\" data-widget_type=\"heading.default\">\n\t\t\t\t<div class=\"elementor-widget-container\">\n\t\t\t\t\t<h2 class=\"elementor-heading-title elementor-size-default\">Humanitas<\/h2>\t\t\t\t<\/div>\n\t\t\t\t<\/div>\n\t\t\t\t<\/div>\n\t\t<div class=\"elementor-element elementor-element-dfc925a e-con-full e-flex e-con e-child\" data-id=\"dfc925a\" data-element_type=\"container\" data-settings=\"{&quot;background_background&quot;:&quot;classic&quot;}\">\n\t\t\t\t<div class=\"elementor-element elementor-element-e9709fe elementor-widget elementor-widget-image\" data-id=\"e9709fe\" data-element_type=\"widget\" data-widget_type=\"image.default\">\n\t\t\t\t<div class=\"elementor-widget-container\">\n\t\t\t\t\t\t\t\t\t\t\t\t\t\t\t<img decoding=\"async\" width=\"996\" height=\"1024\" src=\"https:\/\/dexpo-platform.anthropolis.hu\/wp-content\/uploads\/2024\/12\/humanitas_logo-996x1024.png\" class=\"attachment-large size-large wp-image-4391\" alt=\"\" srcset=\"https:\/\/dexpo-platform.anthropolis.hu\/wp-content\/uploads\/2024\/12\/humanitas_logo-996x1024.png 996w, https:\/\/dexpo-platform.anthropolis.hu\/wp-content\/uploads\/2024\/12\/humanitas_logo-292x300.png 292w, https:\/\/dexpo-platform.anthropolis.hu\/wp-content\/uploads\/2024\/12\/humanitas_logo-768x790.png 768w, https:\/\/dexpo-platform.anthropolis.hu\/wp-content\/uploads\/2024\/12\/humanitas_logo-1494x1536.png 1494w, https:\/\/dexpo-platform.anthropolis.hu\/wp-content\/uploads\/2024\/12\/humanitas_logo-1992x2048.png 1992w\" sizes=\"(max-width: 996px) 100vw, 996px\" \/>\t\t\t\t\t\t\t\t\t\t\t\t\t\t\t<\/div>\n\t\t\t\t<\/div>\n\t\t\t\t<\/div>\n\t\t<div class=\"elementor-element elementor-element-1427024 e-con-full e-flex e-con e-child\" data-id=\"1427024\" data-element_type=\"container\">\n\t\t\t\t<div class=\"elementor-element elementor-element-bd4a388 elementor-widget elementor-widget-text-editor\" data-id=\"bd4a388\" data-element_type=\"widget\" data-widget_type=\"text-editor.default\">\n\t\t\t\t<div class=\"elementor-widget-container\">\n\t\t\t\t\t\t\t\t\t<p>Humanitas \u2013 Centrum pro glob\u00e1ln\u00ed vzd\u011bl\u00e1v\u00e1n\u00ed a spolupr\u00e1ci bylo zalo\u017eeno v roce 2000 a je nevl\u00e1dn\u00ed neziskovou organizac\u00ed se s\u00eddlem v Lublani. Jsme vedouc\u00ed organizac\u00ed v oblasti glob\u00e1ln\u00edho vzd\u011bl\u00e1v\u00e1n\u00ed ve Slovinsku a spolupracujeme se slovinsk\u00fdmi i mezin\u00e1rodn\u00edmi partnery. Vyv\u00edj\u00edme inovativn\u00ed vzd\u011bl\u00e1vac\u00ed zdroje, nab\u00edz\u00edme workshopy pro studenty, \u0161kolen\u00ed pro pedagogy a po\u0159\u00e1d\u00e1me ve\u0159ejn\u00e9 akce zam\u011b\u0159en\u00e9 na zvy\u0161ov\u00e1n\u00ed pov\u011bdom\u00ed o glob\u00e1ln\u00ed vz\u00e1jemn\u00e9 z\u00e1vislosti a propojenosti. Podporou solidarity, odpov\u011bdnosti, spravedlnosti a dodr\u017eov\u00e1n\u00ed lidsk\u00fdch pr\u00e1v chceme povzbudit mlad\u00e9 lidi, aby se aktivn\u011b zapojili do form\u00e1ln\u00edho i neform\u00e1ln\u00edho \u017eivota a pod\u00edleli se na utv\u00e1\u0159en\u00ed spole\u010dnosti zalo\u017een\u00e9 na soci\u00e1ln\u00ed a environment\u00e1ln\u00ed spravedlnosti.<\/p>\t\t\t\t\t\t\t\t<\/div>\n\t\t\t\t<\/div>\n\t\t\t\t<div class=\"elementor-element elementor-element-e06c469 elementor-widget elementor-widget-heading\" data-id=\"e06c469\" data-element_type=\"widget\" data-widget_type=\"heading.default\">\n\t\t\t\t<div class=\"elementor-widget-container\">\n\t\t\t\t\t<h3 class=\"elementor-heading-title elementor-size-default\"><a href=\"https:\/\/www.humanitas.si\" target=\"_blank\">www.humanitas.si<\/a><\/h3>\t\t\t\t<\/div>\n\t\t\t\t<\/div>\n\t\t\t\t<\/div>\n\t\t\t\t\t<\/div>\n\t\t\t\t<\/div>\n\t\t<div class=\"elementor-element elementor-element-0258cee animated-slow e-flex e-con-boxed elementor-invisible e-con e-parent\" data-id=\"0258cee\" data-element_type=\"container\" data-settings=\"{&quot;animation&quot;:&quot;bounceInRight&quot;}\">\n\t\t\t\t\t<div class=\"e-con-inner\">\n\t\t<div class=\"elementor-element elementor-element-f2b05f4 e-con-full e-transform e-flex e-con e-child\" data-id=\"f2b05f4\" data-element_type=\"container\" data-settings=\"{&quot;background_background&quot;:&quot;classic&quot;,&quot;_transform_scale_effect_hover&quot;:{&quot;unit&quot;:&quot;px&quot;,&quot;size&quot;:1.0500000000000000444089209850062616169452667236328125,&quot;sizes&quot;:[]},&quot;_transform_scale_effect_hover_tablet&quot;:{&quot;unit&quot;:&quot;px&quot;,&quot;size&quot;:&quot;&quot;,&quot;sizes&quot;:[]},&quot;_transform_scale_effect_hover_mobile&quot;:{&quot;unit&quot;:&quot;px&quot;,&quot;size&quot;:&quot;&quot;,&quot;sizes&quot;:[]}}\">\n\t\t\t\t<div class=\"elementor-element elementor-element-7358970 elementor-widget elementor-widget-heading\" data-id=\"7358970\" data-element_type=\"widget\" data-widget_type=\"heading.default\">\n\t\t\t\t<div class=\"elementor-widget-container\">\n\t\t\t\t\t<h2 class=\"elementor-heading-title elementor-size-default\">Mapa das Ideias<\/h2>\t\t\t\t<\/div>\n\t\t\t\t<\/div>\n\t\t\t\t<\/div>\n\t\t<div class=\"elementor-element elementor-element-617dbbc e-con-full e-flex e-con e-child\" data-id=\"617dbbc\" data-element_type=\"container\" data-settings=\"{&quot;background_background&quot;:&quot;classic&quot;}\">\n\t\t\t\t<div class=\"elementor-element elementor-element-1bf26c1 elementor-widget elementor-widget-image\" data-id=\"1bf26c1\" data-element_type=\"widget\" data-widget_type=\"image.default\">\n\t\t\t\t<div class=\"elementor-widget-container\">\n\t\t\t\t\t\t\t\t\t\t\t\t\t\t\t<img loading=\"lazy\" decoding=\"async\" width=\"132\" height=\"184\" src=\"https:\/\/dexpo-platform.anthropolis.hu\/wp-content\/uploads\/2024\/12\/mapa-logo.png\" class=\"attachment-large size-large wp-image-4396\" alt=\"\" \/>\t\t\t\t\t\t\t\t\t\t\t\t\t\t\t<\/div>\n\t\t\t\t<\/div>\n\t\t\t\t<\/div>\n\t\t<div class=\"elementor-element elementor-element-dd77794 e-con-full e-flex e-con e-child\" data-id=\"dd77794\" data-element_type=\"container\">\n\t\t\t\t<div class=\"elementor-element elementor-element-7023c96 elementor-widget elementor-widget-text-editor\" data-id=\"7023c96\" data-element_type=\"widget\" data-widget_type=\"text-editor.default\">\n\t\t\t\t<div class=\"elementor-widget-container\">\n\t\t\t\t\t\t\t\t\t<p>Mapa das Ideias je portugalsk\u00e1 spole\u010dnost, kter\u00e1 se od roku 1999 v\u011bnuje vztah\u016fm mezi muzei, publikem a komunitami. Zab\u00fdv\u00e1 se t\u0159emi hlavn\u00edmi oblastmi: zprost\u0159edkov\u00e1n\u00ed (zam\u011b\u0159en\u00e9 na p\u0159\u00edm\u00e9 kulturn\u00ed zprost\u0159edkov\u00e1n\u00ed a vzd\u011bl\u00e1vac\u00ed slu\u017eby), poradenstv\u00ed (po\u0159\u00e1d\u00e1n\u00ed v\u00fdzkumn\u00fdch a tv\u016fr\u010d\u00edch projekt\u016f a \u0161kolen\u00ed) a maloobchod (zam\u011b\u0159en\u00fd na spr\u00e1vu muzejn\u00edch obchod\u016f a produktov\u00fd design). Krom\u011b navrhov\u00e1n\u00ed vzd\u011bl\u00e1vac\u00edch expozic muze\u00ed se spole\u010dnost v\u011bnuje digit\u00e1ln\u00ed transformaci t\u011bchto instituc\u00ed, d\u00e1le pak se zam\u011b\u0159uje na kulturn\u00ed organizace a poskytov\u00e1n\u00ed odborn\u00e9ho vzd\u011bl\u00e1v\u00e1n\u00ed odborn\u00edk\u016fm v tomto odv\u011btv\u00ed. Na\u0161e pr\u00e1ce byla ocen\u011bna v kategori\u00edch Partnerstv\u00ed a Vzd\u011bl\u00e1vac\u00ed slu\u017eby v r\u00e1mci cen APOM (Portugalsk\u00e1 muzeologick\u00e1 asociace).<\/p>\t\t\t\t\t\t\t\t<\/div>\n\t\t\t\t<\/div>\n\t\t\t\t<div class=\"elementor-element elementor-element-a55bd61 elementor-widget elementor-widget-heading\" data-id=\"a55bd61\" data-element_type=\"widget\" data-widget_type=\"heading.default\">\n\t\t\t\t<div class=\"elementor-widget-container\">\n\t\t\t\t\t<h3 class=\"elementor-heading-title elementor-size-default\"><a href=\"https:\/\/mapadasideias.pt\/\" target=\"_blank\">www.mapadasideias.pt<\/a><\/h3>\t\t\t\t<\/div>\n\t\t\t\t<\/div>\n\t\t\t\t<\/div>\n\t\t\t\t\t<\/div>\n\t\t\t\t<\/div>\n\t\t\t\t<\/div>\n\t\t","protected":false},"excerpt":{"rendered":"<p>V\u00fduka klimatick\u00e9 zm\u011bny je n\u00e1ro\u010dn\u00e1 nejen pro svou komplexnost, ale i kv\u016fli \u0161irok\u00e9 \u0161k\u00e1le dezinformac\u00ed, kter\u00e9 se \u0161\u00ed\u0159\u00ed m\u00e9dii. Klimatick\u00e1 [&hellip;]<\/p>\n","protected":false},"author":1,"featured_media":0,"parent":0,"menu_order":0,"comment_status":"closed","ping_status":"closed","template":"","meta":{"site-sidebar-layout":"no-sidebar","site-content-layout":"","ast-site-content-layout":"full-width-container","site-content-style":"default","site-sidebar-style":"default","ast-global-header-display":"","ast-banner-title-visibility":"","ast-main-header-display":"","ast-hfb-above-header-display":"","ast-hfb-below-header-display":"","ast-hfb-mobile-header-display":"","site-post-title":"disabled","ast-breadcrumbs-content":"","ast-featured-img":"disabled","footer-sml-layout":"","theme-transparent-header-meta":"","adv-header-id-meta":"","stick-header-meta":"","header-above-stick-meta":"","header-main-stick-meta":"","header-below-stick-meta":"","astra-migrate-meta-layouts":"default","ast-page-background-enabled":"default","ast-page-background-meta":{"desktop":{"background-color":"var(--ast-global-color-4)","background-image":"","background-repeat":"repeat","background-position":"center center","background-size":"auto","background-attachment":"scroll","background-type":"","background-media":"","overlay-type":"","overlay-color":"","overlay-opacity":"","overlay-gradient":""},"tablet":{"background-color":"","background-image":"","background-repeat":"repeat","background-position":"center center","background-size":"auto","background-attachment":"scroll","background-type":"","background-media":"","overlay-type":"","overlay-color":"","overlay-opacity":"","overlay-gradient":""},"mobile":{"background-color":"","background-image":"","background-repeat":"repeat","background-position":"center center","background-size":"auto","background-attachment":"scroll","background-type":"","background-media":"","overlay-type":"","overlay-color":"","overlay-opacity":"","overlay-gradient":""}},"ast-content-background-meta":{"desktop":{"background-color":"var(--ast-global-color-5)","background-image":"","background-repeat":"repeat","background-position":"center center","background-size":"auto","background-attachment":"scroll","background-type":"","background-media":"","overlay-type":"","overlay-color":"","overlay-opacity":"","overlay-gradient":""},"tablet":{"background-color":"var(--ast-global-color-5)","background-image":"","background-repeat":"repeat","background-position":"center center","background-size":"auto","background-attachment":"scroll","background-type":"","background-media":"","overlay-type":"","overlay-color":"","overlay-opacity":"","overlay-gradient":""},"mobile":{"background-color":"var(--ast-global-color-5)","background-image":"","background-repeat":"repeat","background-position":"center center","background-size":"auto","background-attachment":"scroll","background-type":"","background-media":"","overlay-type":"","overlay-color":"","overlay-opacity":"","overlay-gradient":""}},"footnotes":""},"class_list":["post-2398","page","type-page","status-publish","hentry"],"_links":{"self":[{"href":"https:\/\/dexpo-platform.anthropolis.hu\/cs\/wp-json\/wp\/v2\/pages\/2398","targetHints":{"allow":["GET"]}}],"collection":[{"href":"https:\/\/dexpo-platform.anthropolis.hu\/cs\/wp-json\/wp\/v2\/pages"}],"about":[{"href":"https:\/\/dexpo-platform.anthropolis.hu\/cs\/wp-json\/wp\/v2\/types\/page"}],"author":[{"embeddable":true,"href":"https:\/\/dexpo-platform.anthropolis.hu\/cs\/wp-json\/wp\/v2\/users\/1"}],"replies":[{"embeddable":true,"href":"https:\/\/dexpo-platform.anthropolis.hu\/cs\/wp-json\/wp\/v2\/comments?post=2398"}],"version-history":[{"count":21,"href":"https:\/\/dexpo-platform.anthropolis.hu\/cs\/wp-json\/wp\/v2\/pages\/2398\/revisions"}],"predecessor-version":[{"id":4487,"href":"https:\/\/dexpo-platform.anthropolis.hu\/cs\/wp-json\/wp\/v2\/pages\/2398\/revisions\/4487"}],"wp:attachment":[{"href":"https:\/\/dexpo-platform.anthropolis.hu\/cs\/wp-json\/wp\/v2\/media?parent=2398"}],"curies":[{"name":"wp","href":"https:\/\/api.w.org\/{rel}","templated":true}]}}