{"id":1494,"date":"2024-06-11T12:25:43","date_gmt":"2024-06-11T12:25:43","guid":{"rendered":"https:\/\/dexpo-platform.anthropolis.hu\/home\/"},"modified":"2025-01-13T00:39:25","modified_gmt":"2025-01-13T00:39:25","slug":"home","status":"publish","type":"page","link":"https:\/\/dexpo-platform.anthropolis.hu\/hu\/","title":{"rendered":"Home"},"content":{"rendered":"\t\t<div data-elementor-type=\"wp-page\" data-elementor-id=\"1494\" class=\"elementor elementor-1494\" data-elementor-post-type=\"page\">\n\t\t\t\t<div class=\"elementor-element elementor-element-1858130 e-flex e-con-boxed e-con e-parent\" data-id=\"1858130\" data-element_type=\"container\">\n\t\t\t\t\t<div class=\"e-con-inner\">\n\t\t<div class=\"elementor-element elementor-element-8ace4e3 e-flex e-con-boxed e-con e-child\" data-id=\"8ace4e3\" data-element_type=\"container\">\n\t\t\t\t\t<div class=\"e-con-inner\">\n\t\t<div class=\"elementor-element elementor-element-a5cb2e6 e-con-full e-flex elementor-invisible e-con e-child\" data-id=\"a5cb2e6\" data-element_type=\"container\" data-settings=\"{&quot;background_background&quot;:&quot;classic&quot;,&quot;animation&quot;:&quot;fadeInLeft&quot;}\">\n\t\t\t\t<\/div>\n\t\t<div class=\"elementor-element elementor-element-d46cfbf e-con-full e-flex elementor-invisible e-con e-child\" data-id=\"d46cfbf\" data-element_type=\"container\" data-settings=\"{&quot;background_background&quot;:&quot;classic&quot;,&quot;animation&quot;:&quot;fadeInLeft&quot;,&quot;animation_delay&quot;:500}\">\n\t\t\t\t<div class=\"elementor-element elementor-element-b8295b9 elementor-widget elementor-widget-heading\" data-id=\"b8295b9\" data-element_type=\"widget\" data-widget_type=\"heading.default\">\n\t\t\t\t<div class=\"elementor-widget-container\">\n\t\t\t\t\t<h1 class=\"elementor-heading-title elementor-size-default\">Kritikai gondolkod\u00e1s a kl\u00edmav\u00e9delem\u00e9rt<\/h1>\t\t\t\t<\/div>\n\t\t\t\t<\/div>\n\t\t\t\t<\/div>\n\t\t\t\t\t<\/div>\n\t\t\t\t<\/div>\n\t\t\t\t\t<\/div>\n\t\t\t\t<\/div>\n\t\t<div class=\"elementor-element elementor-element-6b62d50 e-flex e-con-boxed e-con e-parent\" data-id=\"6b62d50\" data-element_type=\"container\">\n\t\t\t\t\t<div class=\"e-con-inner\">\n\t\t<div class=\"elementor-element elementor-element-f5bfd7f e-con-full e-transform animated-slow e-flex elementor-invisible e-con e-child\" data-id=\"f5bfd7f\" data-element_type=\"container\" data-settings=\"{&quot;background_background&quot;:&quot;classic&quot;,&quot;_transform_scale_effect_hover&quot;:{&quot;unit&quot;:&quot;px&quot;,&quot;size&quot;:1.0500000000000000444089209850062616169452667236328125,&quot;sizes&quot;:[]},&quot;animation&quot;:&quot;bounceInLeft&quot;,&quot;_transform_scale_effect_hover_tablet&quot;:{&quot;unit&quot;:&quot;px&quot;,&quot;size&quot;:&quot;&quot;,&quot;sizes&quot;:[]},&quot;_transform_scale_effect_hover_mobile&quot;:{&quot;unit&quot;:&quot;px&quot;,&quot;size&quot;:&quot;&quot;,&quot;sizes&quot;:[]}}\">\n\t\t\t\t<div class=\"elementor-element elementor-element-cbb339f elementor-widget elementor-widget-heading\" data-id=\"cbb339f\" data-element_type=\"widget\" data-widget_type=\"heading.default\">\n\t\t\t\t<div class=\"elementor-widget-container\">\n\t\t\t\t\t<h2 class=\"elementor-heading-title elementor-size-default\">Mir\u0151l sz\u00f3l?<\/h2>\t\t\t\t<\/div>\n\t\t\t\t<\/div>\n\t\t\t\t<\/div>\n\t\t<div class=\"elementor-element elementor-element-b531d96 e-con-full animated-slow e-flex elementor-invisible e-con e-child\" data-id=\"b531d96\" data-element_type=\"container\" data-settings=\"{&quot;background_background&quot;:&quot;classic&quot;,&quot;animation&quot;:&quot;fadeIn&quot;,&quot;animation_delay&quot;:500}\">\n\t\t\t\t<div class=\"elementor-element elementor-element-19effbd elementor-widget elementor-widget-text-editor\" data-id=\"19effbd\" data-element_type=\"widget\" data-widget_type=\"text-editor.default\">\n\t\t\t\t<div class=\"elementor-widget-container\">\n\t\t\t\t\t\t\t\t\t<p>Az \u00e9ghajlatv\u00e1ltoz\u00e1s mindny\u00e1junkat \u00e9rint\u0151, \u00e1m sokszor ellentmond\u00e1sos t\u00e9ma. Manaps\u00e1g egyre nehezebb eligazodni a sz\u00e1mtalan forr\u00e1sb\u00f3l r\u00e1nk z\u00fadul\u00f3 inform\u00e1ci\u00f3k, h\u00edrek, a megt\u00e9veszt\u0151 vagy val\u00f3s tartalmak k\u00f6z\u00f6tt. A DEXPO projekt abban k\u00edv\u00e1n seg\u00edteni, hogy tan\u00e1rk\u00e9nt milyen m\u00f3don lehet a di\u00e1kok \u2013 \u00e9s saj\u00e1t magunk \u2013 kritikai gondolkod\u00e1s\u00e1t er\u0151s\u00edteni az \u00e9ghajlatv\u00e1ltoz\u00e1s t\u00e9m\u00e1j\u00e1n kereszt\u00fcl.\u00a0<\/p>\t\t\t\t\t\t\t\t<\/div>\n\t\t\t\t<\/div>\n\t\t\t\t<\/div>\n\t\t\t\t\t<\/div>\n\t\t\t\t<\/div>\n\t\t<div class=\"elementor-element elementor-element-6596f20 e-flex e-con-boxed e-con e-parent\" data-id=\"6596f20\" data-element_type=\"container\">\n\t\t\t\t\t<div class=\"e-con-inner\">\n\t\t<div class=\"elementor-element elementor-element-17f0653 e-con-full e-transform animated-slow e-flex elementor-invisible e-con e-child\" data-id=\"17f0653\" data-element_type=\"container\" data-settings=\"{&quot;background_background&quot;:&quot;classic&quot;,&quot;_transform_scale_effect_hover&quot;:{&quot;unit&quot;:&quot;px&quot;,&quot;size&quot;:1.0500000000000000444089209850062616169452667236328125,&quot;sizes&quot;:[]},&quot;animation&quot;:&quot;bounceInLeft&quot;,&quot;_transform_scale_effect_hover_tablet&quot;:{&quot;unit&quot;:&quot;px&quot;,&quot;size&quot;:&quot;&quot;,&quot;sizes&quot;:[]},&quot;_transform_scale_effect_hover_mobile&quot;:{&quot;unit&quot;:&quot;px&quot;,&quot;size&quot;:&quot;&quot;,&quot;sizes&quot;:[]}}\">\n\t\t\t\t<div class=\"elementor-element elementor-element-46110c6 elementor-widget elementor-widget-heading\" data-id=\"46110c6\" data-element_type=\"widget\" data-widget_type=\"heading.default\">\n\t\t\t\t<div class=\"elementor-widget-container\">\n\t\t\t\t\t<h2 class=\"elementor-heading-title elementor-size-default\">Mit k\u00edn\u00e1lunk?<\/h2>\t\t\t\t<\/div>\n\t\t\t\t<\/div>\n\t\t\t\t<\/div>\n\t\t<div class=\"elementor-element elementor-element-4184522 e-con-full animated-slow e-flex elementor-invisible e-con e-child\" data-id=\"4184522\" data-element_type=\"container\" data-settings=\"{&quot;background_background&quot;:&quot;classic&quot;,&quot;animation&quot;:&quot;fadeIn&quot;,&quot;animation_delay&quot;:500}\">\n\t\t\t\t<div class=\"elementor-element elementor-element-4b6e429 elementor-widget elementor-widget-text-editor\" data-id=\"4b6e429\" data-element_type=\"widget\" data-widget_type=\"text-editor.default\">\n\t\t\t\t<div class=\"elementor-widget-container\">\n\t\t\t\t\t\t\t\t\t<p>A DEXPO olyan gyakorlatokat, forr\u00e1sanyagokat, elm\u00e9leti h\u00e1tteret, adatb\u00e1zist \u00e9s online kurzust k\u00edn\u00e1l az \u00e1ltal\u00e1nos iskola fels\u0151 tagozat\u00e1ban \u00e9s k\u00f6z\u00e9piskol\u00e1ban tan\u00edt\u00f3 tan\u00e1rok sz\u00e1m\u00e1ra, amelyek seg\u00edts\u00e9g\u00e9vel az \u00e9ghajlatv\u00e1ltoz\u00e1s t\u00e9m\u00e1ja, a kritikai gondolkod\u00e1s attit\u0171dje \u00e9s a m\u00e9diatudatoss\u00e1g k\u00f6nnyebben integr\u00e1lhat\u00f3 a tan\u00f3r\u00e1kba \u00e9s a tan\u00f3r\u00e1n k\u00edv\u00fcli foglalkoz\u00e1sokba.<\/p>\t\t\t\t\t\t\t\t<\/div>\n\t\t\t\t<\/div>\n\t\t\t\t<\/div>\n\t\t\t\t\t<\/div>\n\t\t\t\t<\/div>\n\t\t<div class=\"elementor-element elementor-element-5ffa5d2 e-flex e-con-boxed e-con e-parent\" data-id=\"5ffa5d2\" data-element_type=\"container\">\n\t\t\t\t\t<div class=\"e-con-inner\">\n\t\t<div class=\"elementor-element elementor-element-1d934b4 e-con-full e-transform animated-slow e-flex elementor-invisible e-con e-child\" data-id=\"1d934b4\" data-element_type=\"container\" data-settings=\"{&quot;background_background&quot;:&quot;classic&quot;,&quot;_transform_scale_effect_hover&quot;:{&quot;unit&quot;:&quot;px&quot;,&quot;size&quot;:1.0500000000000000444089209850062616169452667236328125,&quot;sizes&quot;:[]},&quot;animation&quot;:&quot;bounceInLeft&quot;,&quot;_transform_scale_effect_hover_tablet&quot;:{&quot;unit&quot;:&quot;px&quot;,&quot;size&quot;:&quot;&quot;,&quot;sizes&quot;:[]},&quot;_transform_scale_effect_hover_mobile&quot;:{&quot;unit&quot;:&quot;px&quot;,&quot;size&quot;:&quot;&quot;,&quot;sizes&quot;:[]}}\">\n\t\t\t\t<div class=\"elementor-element elementor-element-f1e8f36 elementor-widget elementor-widget-heading\" data-id=\"f1e8f36\" data-element_type=\"widget\" data-widget_type=\"heading.default\">\n\t\t\t\t<div class=\"elementor-widget-container\">\n\t\t\t\t\t<h2 class=\"elementor-heading-title elementor-size-default\"><a href=\"https:\/\/dexpo-platform.anthropolis.hu\/about\/\">Kik vagyunk?<\/a><\/h2>\t\t\t\t<\/div>\n\t\t\t\t<\/div>\n\t\t\t\t<\/div>\n\t\t<div class=\"elementor-element elementor-element-7024133 e-con-full animated-slow e-flex elementor-invisible e-con e-child\" data-id=\"7024133\" data-element_type=\"container\" data-settings=\"{&quot;background_background&quot;:&quot;classic&quot;,&quot;animation&quot;:&quot;fadeIn&quot;,&quot;animation_delay&quot;:500}\">\n\t\t\t\t<div class=\"elementor-element elementor-element-cf67529 elementor-widget elementor-widget-text-editor\" data-id=\"cf67529\" data-element_type=\"widget\" data-widget_type=\"text-editor.default\">\n\t\t\t\t<div class=\"elementor-widget-container\">\n\t\t\t\t\t\t\t\t\t<p>A DEXPO cseh, magyar, szlov\u00e9n \u00e9s portug\u00e1l partnerek oktat\u00e1sban, glob\u00e1lis nevel\u00e9sben, kl\u00edmav\u00e9delemben \u00e9s m\u00e9diatudatoss\u00e1gban j\u00e1ratos szakembereinek k\u00f6zrem\u0171k\u00f6d\u00e9s\u00e9vel, egy h\u00e1rom\u00e9ves Erasmus+ projekt keret\u00e9ben val\u00f3sult meg.\u00a0<\/p>\t\t\t\t\t\t\t\t<\/div>\n\t\t\t\t<\/div>\n\t\t\t\t<\/div>\n\t\t\t\t\t<\/div>\n\t\t\t\t<\/div>\n\t\t<div class=\"elementor-element elementor-element-e5974bb e-flex e-con-boxed e-con e-parent\" data-id=\"e5974bb\" data-element_type=\"container\">\n\t\t\t\t\t<div class=\"e-con-inner\">\n\t\t\t\t<div class=\"elementor-element elementor-element-69e4dbb elementor-widget elementor-widget-spacer\" data-id=\"69e4dbb\" data-element_type=\"widget\" data-widget_type=\"spacer.default\">\n\t\t\t\t<div class=\"elementor-widget-container\">\n\t\t\t\t\t\t\t<div class=\"elementor-spacer\">\n\t\t\t<div class=\"elementor-spacer-inner\"><\/div>\n\t\t<\/div>\n\t\t\t\t\t\t<\/div>\n\t\t\t\t<\/div>\n\t\t\t\t\t<\/div>\n\t\t\t\t<\/div>\n\t\t\t\t<\/div>\n\t\t","protected":false},"excerpt":{"rendered":"<p>Kritikai gondolkod\u00e1s a kl\u00edmav\u00e9delem\u00e9rt Mir\u0151l sz\u00f3l? Az \u00e9ghajlatv\u00e1ltoz\u00e1s mindny\u00e1junkat \u00e9rint\u0151, \u00e1m sokszor ellentmond\u00e1sos t\u00e9ma. Manaps\u00e1g egyre nehezebb eligazodni a sz\u00e1mtalan [&hellip;]<\/p>\n","protected":false},"author":1,"featured_media":0,"parent":0,"menu_order":0,"comment_status":"closed","ping_status":"closed","template":"elementor_theme","meta":{"site-sidebar-layout":"no-sidebar","site-content-layout":"","ast-site-content-layout":"full-width-container","site-content-style":"default","site-sidebar-style":"default","ast-global-header-display":"","ast-banner-title-visibility":"","ast-main-header-display":"","ast-hfb-above-header-display":"","ast-hfb-below-header-display":"","ast-hfb-mobile-header-display":"","site-post-title":"disabled","ast-breadcrumbs-content":"","ast-featured-img":"disabled","footer-sml-layout":"","theme-transparent-header-meta":"","adv-header-id-meta":"","stick-header-meta":"","header-above-stick-meta":"","header-main-stick-meta":"","header-below-stick-meta":"","astra-migrate-meta-layouts":"default","ast-page-background-enabled":"default","ast-page-background-meta":{"desktop":{"background-color":"var(--ast-global-color-4)","background-image":"","background-repeat":"repeat","background-position":"center center","background-size":"auto","background-attachment":"scroll","background-type":"","background-media":"","overlay-type":"","overlay-color":"","overlay-opacity":"","overlay-gradient":""},"tablet":{"background-color":"","background-image":"","background-repeat":"repeat","background-position":"center center","background-size":"auto","background-attachment":"scroll","background-type":"","background-media":"","overlay-type":"","overlay-color":"","overlay-opacity":"","overlay-gradient":""},"mobile":{"background-color":"","background-image":"","background-repeat":"repeat","background-position":"center center","background-size":"auto","background-attachment":"scroll","background-type":"","background-media":"","overlay-type":"","overlay-color":"","overlay-opacity":"","overlay-gradient":""}},"ast-content-background-meta":{"desktop":{"background-color":"var(--ast-global-color-5)","background-image":"","background-repeat":"repeat","background-position":"center center","background-size":"auto","background-attachment":"scroll","background-type":"","background-media":"","overlay-type":"","overlay-color":"","overlay-opacity":"","overlay-gradient":""},"tablet":{"background-color":"var(--ast-global-color-5)","background-image":"","background-repeat":"repeat","background-position":"center center","background-size":"auto","background-attachment":"scroll","background-type":"","background-media":"","overlay-type":"","overlay-color":"","overlay-opacity":"","overlay-gradient":""},"mobile":{"background-color":"var(--ast-global-color-5)","background-image":"","background-repeat":"repeat","background-position":"center center","background-size":"auto","background-attachment":"scroll","background-type":"","background-media":"","overlay-type":"","overlay-color":"","overlay-opacity":"","overlay-gradient":""}},"footnotes":""},"class_list":["post-1494","page","type-page","status-publish","hentry"],"_links":{"self":[{"href":"https:\/\/dexpo-platform.anthropolis.hu\/hu\/wp-json\/wp\/v2\/pages\/1494","targetHints":{"allow":["GET"]}}],"collection":[{"href":"https:\/\/dexpo-platform.anthropolis.hu\/hu\/wp-json\/wp\/v2\/pages"}],"about":[{"href":"https:\/\/dexpo-platform.anthropolis.hu\/hu\/wp-json\/wp\/v2\/types\/page"}],"author":[{"embeddable":true,"href":"https:\/\/dexpo-platform.anthropolis.hu\/hu\/wp-json\/wp\/v2\/users\/1"}],"replies":[{"embeddable":true,"href":"https:\/\/dexpo-platform.anthropolis.hu\/hu\/wp-json\/wp\/v2\/comments?post=1494"}],"version-history":[{"count":17,"href":"https:\/\/dexpo-platform.anthropolis.hu\/hu\/wp-json\/wp\/v2\/pages\/1494\/revisions"}],"predecessor-version":[{"id":4493,"href":"https:\/\/dexpo-platform.anthropolis.hu\/hu\/wp-json\/wp\/v2\/pages\/1494\/revisions\/4493"}],"wp:attachment":[{"href":"https:\/\/dexpo-platform.anthropolis.hu\/hu\/wp-json\/wp\/v2\/media?parent=1494"}],"curies":[{"name":"wp","href":"https:\/\/api.w.org\/{rel}","templated":true}]}}