{"id":2402,"date":"2024-07-25T22:18:12","date_gmt":"2024-07-25T22:18:12","guid":{"rendered":"https:\/\/dexpo-platform.anthropolis.hu\/uvod\/"},"modified":"2024-12-17T19:55:01","modified_gmt":"2024-12-17T19:55:01","slug":"uvod","status":"publish","type":"page","link":"https:\/\/dexpo-platform.anthropolis.hu\/sl\/uvod\/","title":{"rendered":"Uvod"},"content":{"rendered":"\t\t<div data-elementor-type=\"wp-page\" data-elementor-id=\"2402\" class=\"elementor elementor-2402\" data-elementor-post-type=\"page\">\n\t\t\t\t<div class=\"elementor-element elementor-element-130460b animated-slow e-flex e-con-boxed elementor-invisible e-con e-parent\" data-id=\"130460b\" data-element_type=\"container\" data-settings=\"{&quot;animation&quot;:&quot;bounceInDown&quot;}\">\n\t\t\t\t\t<div class=\"e-con-inner\">\n\t\t<div class=\"elementor-element elementor-element-0cad217 e-con-full e-flex e-con e-child\" data-id=\"0cad217\" data-element_type=\"container\">\n\t\t\t\t<div class=\"elementor-element elementor-element-14d1661 elementor-widget elementor-widget-heading\" data-id=\"14d1661\" data-element_type=\"widget\" data-widget_type=\"heading.default\">\n\t\t\t\t<div class=\"elementor-widget-container\">\n\t\t\t\t\t<h3 class=\"elementor-heading-title elementor-size-default\">Podnebne spremembe so globalni pojav, ki je predmet intenzivnih razprav v razli\u010dnih javnih prostorih, od znanstvenih diskusij do vsakodnevnih govoric. \u010ceprav obstaja znanstveno soglasje o \u010dlovekovem prispevku k podnebnim spremembam, je o tem \u0161e vedno veliko napa\u010dnih predstav. Mno\u017ei\u010dni mediji zaradi svoje narave pretirano poudarjajo \u0161kodljive u\u010dinke teh globalnih procesov, kar pogosto povzro\u010da ob\u010dutke dolgo\u010dasja na eni strani ter tesnobe in nemo\u010di na drugi.  <\/h3>\t\t\t\t<\/div>\n\t\t\t\t<\/div>\n\t\t\t\t<\/div>\n\t\t\t\t\t<\/div>\n\t\t\t\t<\/div>\n\t\t<div class=\"elementor-element elementor-element-95b345c animated-slow e-flex e-con-boxed elementor-invisible e-con e-parent\" data-id=\"95b345c\" data-element_type=\"container\" data-settings=\"{&quot;animation&quot;:&quot;bounceInRight&quot;,&quot;animation_delay&quot;:500}\">\n\t\t\t\t\t<div class=\"e-con-inner\">\n\t\t<div class=\"elementor-element elementor-element-1a9f47a e-con-full e-flex e-con e-child\" data-id=\"1a9f47a\" data-element_type=\"container\">\n\t\t\t\t<div class=\"elementor-element elementor-element-0652729 elementor-widget elementor-widget-text-editor\" data-id=\"0652729\" data-element_type=\"widget\" data-widget_type=\"text-editor.default\">\n\t\t\t\t<div class=\"elementor-widget-container\">\n\t\t\t\t\t\t\t\t\t<p>V 21. stoletju so dru\u017ebeni mediji za mnoge pomemben vir informacij, vendar so veliko manj zanesljivi kot uveljavljeni in verodostojni mediji. Sposobnost kriti\u010dnega mi\u0161ljenja je zato klju\u010dna in pomembnej\u0161a kot kdaj koli prej. Kriti\u010dno misle\u010d posameznik se lahko orientira med nasprotujo\u010dimi si informacijami ter prepozna pristranske vire. Kriti\u010dno mi\u0161ljenje, ki temelji na informacijah iz medijev, bi moralo vklju\u010devati razumevanje, zakaj in kako je treba nadaljevati z uresni\u010devanjem podnebnih ukrepov.   <\/p>\n\t\t\t\t\t\t\t\t<\/div>\n\t\t\t\t<\/div>\n\t\t\t\t<div class=\"elementor-element elementor-element-24f72e2 elementor-widget elementor-widget-text-editor\" data-id=\"24f72e2\" data-element_type=\"widget\" data-widget_type=\"text-editor.default\">\n\t\t\t\t<div class=\"elementor-widget-container\">\n\t\t\t\t\t\t\t\t\t<p>Glavni cilj projekta DEXPO je krepitev strokovnih kompetenc u\u010diteljic in u\u010diteljev ter drugih izobra\u017eevalcev. Namen projekta je zagotoviti, da so strategije kriti\u010dnega mi\u0161ljenja in vpra\u0161anja v zvezi z medijsko manipulacijo del izobra\u017eevalnega okolja pri pou\u010devanju mladih o podnebnih spremembah.<\/p>\n\t\t\t\t\t\t\t\t<\/div>\n\t\t\t\t<\/div>\n\t\t\t\t<\/div>\n\t\t\t\t\t<\/div>\n\t\t\t\t<\/div>\n\t\t<div class=\"elementor-element elementor-element-a552970 animated-slow e-flex e-con-boxed elementor-invisible e-con e-parent\" data-id=\"a552970\" data-element_type=\"container\" data-settings=\"{&quot;animation&quot;:&quot;bounceIn&quot;}\">\n\t\t\t\t\t<div class=\"e-con-inner\">\n\t\t<div class=\"elementor-element elementor-element-511103e e-con-full e-transform e-flex e-con e-child\" data-id=\"511103e\" data-element_type=\"container\" data-settings=\"{&quot;background_background&quot;:&quot;classic&quot;,&quot;_transform_scale_effect_hover&quot;:{&quot;unit&quot;:&quot;px&quot;,&quot;size&quot;:1.0500000000000000444089209850062616169452667236328125,&quot;sizes&quot;:[]},&quot;_transform_scale_effect_hover_tablet&quot;:{&quot;unit&quot;:&quot;px&quot;,&quot;size&quot;:&quot;&quot;,&quot;sizes&quot;:[]},&quot;_transform_scale_effect_hover_mobile&quot;:{&quot;unit&quot;:&quot;px&quot;,&quot;size&quot;:&quot;&quot;,&quot;sizes&quot;:[]}}\">\n\t\t\t\t<div class=\"elementor-element elementor-element-691d7d3 elementor-widget elementor-widget-heading\" data-id=\"691d7d3\" data-element_type=\"widget\" data-widget_type=\"heading.default\">\n\t\t\t\t<div class=\"elementor-widget-container\">\n\t\t\t\t\t<h1 class=\"elementor-heading-title elementor-size-default\">Projektni partnerji<\/h1>\t\t\t\t<\/div>\n\t\t\t\t<\/div>\n\t\t\t\t<\/div>\n\t\t\t\t\t<\/div>\n\t\t\t\t<\/div>\n\t\t<div class=\"elementor-element elementor-element-97fb4e8 animated-slow e-flex e-con-boxed elementor-invisible e-con e-parent\" data-id=\"97fb4e8\" data-element_type=\"container\" data-settings=\"{&quot;animation&quot;:&quot;bounceInLeft&quot;}\">\n\t\t\t\t\t<div class=\"e-con-inner\">\n\t\t<div class=\"elementor-element elementor-element-a5ec413 e-con-full e-transform e-flex e-con e-child\" data-id=\"a5ec413\" data-element_type=\"container\" data-settings=\"{&quot;background_background&quot;:&quot;classic&quot;,&quot;_transform_scale_effect_hover&quot;:{&quot;unit&quot;:&quot;px&quot;,&quot;size&quot;:1.0500000000000000444089209850062616169452667236328125,&quot;sizes&quot;:[]},&quot;_transform_scale_effect_hover_tablet&quot;:{&quot;unit&quot;:&quot;px&quot;,&quot;size&quot;:&quot;&quot;,&quot;sizes&quot;:[]},&quot;_transform_scale_effect_hover_mobile&quot;:{&quot;unit&quot;:&quot;px&quot;,&quot;size&quot;:&quot;&quot;,&quot;sizes&quot;:[]}}\">\n\t\t\t\t<div class=\"elementor-element elementor-element-60ab8ea elementor-widget elementor-widget-heading\" data-id=\"60ab8ea\" data-element_type=\"widget\" data-widget_type=\"heading.default\">\n\t\t\t\t<div class=\"elementor-widget-container\">\n\t\t\t\t\t<h2 class=\"elementor-heading-title elementor-size-default\">Anthropolis<\/h2>\t\t\t\t<\/div>\n\t\t\t\t<\/div>\n\t\t\t\t<\/div>\n\t\t<div class=\"elementor-element elementor-element-4d6f2b1 e-con-full e-flex e-con e-child\" data-id=\"4d6f2b1\" data-element_type=\"container\" data-settings=\"{&quot;background_background&quot;:&quot;classic&quot;}\">\n\t\t\t\t<div class=\"elementor-element elementor-element-b917591 elementor-widget elementor-widget-image\" data-id=\"b917591\" data-element_type=\"widget\" data-widget_type=\"image.default\">\n\t\t\t\t<div class=\"elementor-widget-container\">\n\t\t\t\t\t\t\t\t\t\t\t\t\t\t\t<img decoding=\"async\" width=\"300\" height=\"56\" src=\"https:\/\/dexpo-platform.anthropolis.hu\/wp-content\/uploads\/2024\/12\/anthropolis-logo.png\" class=\"attachment-large size-large wp-image-4384\" alt=\"\" \/>\t\t\t\t\t\t\t\t\t\t\t\t\t\t\t<\/div>\n\t\t\t\t<\/div>\n\t\t\t\t<\/div>\n\t\t<div class=\"elementor-element elementor-element-f37eb04 e-con-full e-flex e-con e-child\" data-id=\"f37eb04\" data-element_type=\"container\">\n\t\t\t\t<div class=\"elementor-element elementor-element-bd0e992 elementor-widget elementor-widget-text-editor\" data-id=\"bd0e992\" data-element_type=\"widget\" data-widget_type=\"text-editor.default\">\n\t\t\t\t<div class=\"elementor-widget-container\">\n\t\t\t\t\t\t\t\t\t<p>Anthropolis je javna neprofitna organizacija, ustanovljena leta 2002 s sede\u017eem v Budimpe\u0161ti na Mad\u017earskem. Organizacija spodbuja vrednote kulturnega relativizma, participativnega pristopa, opolnomo\u010denja dr\u017eavljanov in ozave\u0161\u010danja o globalnih vpra\u0161anjih. Smo ena vodilnih organizacij na Mad\u017earskem, ki zagotavlja globalno u\u010denje za u\u010ditelje, vzgojitelje in \u0161tudente. Na\u0161e izobra\u017eevalne dejavnosti temeljijo na interaktivnih, participativnih metodah. Prav tako smo strokovnjaki za digitalno pripovedovanje zgodb (ang. Digital Storytelling) in to metodologijo uporabljamo z razli\u010dnimi ciljnimi skupinami, vklju\u010dno z u\u010denci, u\u010ditelji, osebami s posebnimi potrebami in strokovnjaki.    <\/p>\n\t\t\t\t\t\t\t\t<\/div>\n\t\t\t\t<\/div>\n\t\t\t\t<div class=\"elementor-element elementor-element-3acacf2 elementor-widget elementor-widget-heading\" data-id=\"3acacf2\" data-element_type=\"widget\" data-widget_type=\"heading.default\">\n\t\t\t\t<div class=\"elementor-widget-container\">\n\t\t\t\t\t<h3 class=\"elementor-heading-title elementor-size-default\"><a href=\"https:\/\/anthropolis.hu\/\" target=\"_blank\">www.anthropolis.hu<\/a><\/h3>\t\t\t\t<\/div>\n\t\t\t\t<\/div>\n\t\t\t\t<\/div>\n\t\t\t\t\t<\/div>\n\t\t\t\t<\/div>\n\t\t<div class=\"elementor-element elementor-element-b2925da animated-slow e-flex e-con-boxed elementor-invisible e-con e-parent\" data-id=\"b2925da\" data-element_type=\"container\" data-settings=\"{&quot;animation&quot;:&quot;bounceInRight&quot;}\">\n\t\t\t\t\t<div class=\"e-con-inner\">\n\t\t<div class=\"elementor-element elementor-element-cadfb79 e-con-full e-transform e-flex e-con e-child\" data-id=\"cadfb79\" data-element_type=\"container\" data-settings=\"{&quot;background_background&quot;:&quot;classic&quot;,&quot;_transform_scale_effect_hover&quot;:{&quot;unit&quot;:&quot;px&quot;,&quot;size&quot;:1.0500000000000000444089209850062616169452667236328125,&quot;sizes&quot;:[]},&quot;_transform_scale_effect_hover_tablet&quot;:{&quot;unit&quot;:&quot;px&quot;,&quot;size&quot;:&quot;&quot;,&quot;sizes&quot;:[]},&quot;_transform_scale_effect_hover_mobile&quot;:{&quot;unit&quot;:&quot;px&quot;,&quot;size&quot;:&quot;&quot;,&quot;sizes&quot;:[]}}\">\n\t\t\t\t<div class=\"elementor-element elementor-element-1986a4c elementor-widget elementor-widget-heading\" data-id=\"1986a4c\" data-element_type=\"widget\" data-widget_type=\"heading.default\">\n\t\t\t\t<div class=\"elementor-widget-container\">\n\t\t\t\t\t<h2 class=\"elementor-heading-title elementor-size-default\">Arpok<\/h2>\t\t\t\t<\/div>\n\t\t\t\t<\/div>\n\t\t\t\t<\/div>\n\t\t<div class=\"elementor-element elementor-element-c6cfb02 e-con-full e-flex e-con e-child\" data-id=\"c6cfb02\" data-element_type=\"container\" data-settings=\"{&quot;background_background&quot;:&quot;classic&quot;}\">\n\t\t\t\t<div class=\"elementor-element elementor-element-cb176a2 elementor-widget elementor-widget-image\" data-id=\"cb176a2\" data-element_type=\"widget\" data-widget_type=\"image.default\">\n\t\t\t\t<div class=\"elementor-widget-container\">\n\t\t\t\t\t\t\t\t\t\t\t\t\t\t\t<img fetchpriority=\"high\" decoding=\"async\" width=\"721\" height=\"575\" src=\"https:\/\/dexpo-platform.anthropolis.hu\/wp-content\/uploads\/2024\/12\/arpok_logo_bez_2022.png\" class=\"attachment-large size-large wp-image-4389\" alt=\"\" srcset=\"https:\/\/dexpo-platform.anthropolis.hu\/wp-content\/uploads\/2024\/12\/arpok_logo_bez_2022.png 721w, https:\/\/dexpo-platform.anthropolis.hu\/wp-content\/uploads\/2024\/12\/arpok_logo_bez_2022-300x239.png 300w\" sizes=\"(max-width: 721px) 100vw, 721px\" \/>\t\t\t\t\t\t\t\t\t\t\t\t\t\t\t<\/div>\n\t\t\t\t<\/div>\n\t\t\t\t<\/div>\n\t\t<div class=\"elementor-element elementor-element-a4a15d5 e-con-full e-flex e-con e-child\" data-id=\"a4a15d5\" data-element_type=\"container\">\n\t\t\t\t<div class=\"elementor-element elementor-element-9f2cd9e elementor-widget elementor-widget-text-editor\" data-id=\"9f2cd9e\" data-element_type=\"widget\" data-widget_type=\"text-editor.default\">\n\t\t\t\t<div class=\"elementor-widget-container\">\n\t\t\t\t\t\t\t\t\t<p>Arpok je javna neprofitna organizacija, ustanovljena leta 2004 s sede\u017eem v Olomoucu na \u010ce\u0161kem. Na\u0161 cilj je prispevati k trajnostnemu razvoju po svetu in ustvariti aktivno, spo\u0161tljivo in odprto dru\u017ebo, ki zaznava povezanost in kompleksnost sveta ter sprejema svojo vlogo pri prevzemanju odgovornosti. Nudimo \u0161irok spekter izobra\u017eevalnih programov za u\u010dence in dijake na teme, povezane z globalnim u\u010denjem. Za u\u010ditelje organiziramo delavnice o temah globalnega razvoja ter ponujamo preverjene metodolo\u0161ke materiale s predlogi in prakti\u010dnimi nasveti, kako te metode vklju\u010diti v pouk. Sodelujemo z ve\u010d kot 60 \u0161olami, predvsem v okro\u017eju Olomouc.     <\/p>\n\t\t\t\t\t\t\t\t<\/div>\n\t\t\t\t<\/div>\n\t\t\t\t<div class=\"elementor-element elementor-element-27964e3 elementor-widget elementor-widget-heading\" data-id=\"27964e3\" data-element_type=\"widget\" data-widget_type=\"heading.default\">\n\t\t\t\t<div class=\"elementor-widget-container\">\n\t\t\t\t\t<h3 class=\"elementor-heading-title elementor-size-default\"><a href=\"https:\/\/www.arpok.cz\" target=\"_blank\">www.arpok.cz<\/a><\/h3>\t\t\t\t<\/div>\n\t\t\t\t<\/div>\n\t\t\t\t<\/div>\n\t\t\t\t\t<\/div>\n\t\t\t\t<\/div>\n\t\t<div class=\"elementor-element elementor-element-408a5ae animated-slow e-flex e-con-boxed elementor-invisible e-con e-parent\" data-id=\"408a5ae\" data-element_type=\"container\" data-settings=\"{&quot;animation&quot;:&quot;bounceInLeft&quot;}\">\n\t\t\t\t\t<div class=\"e-con-inner\">\n\t\t<div class=\"elementor-element elementor-element-c939ad8 e-con-full e-transform e-flex e-con e-child\" data-id=\"c939ad8\" data-element_type=\"container\" data-settings=\"{&quot;background_background&quot;:&quot;classic&quot;,&quot;_transform_scale_effect_hover&quot;:{&quot;unit&quot;:&quot;px&quot;,&quot;size&quot;:1.0500000000000000444089209850062616169452667236328125,&quot;sizes&quot;:[]},&quot;_transform_scale_effect_hover_tablet&quot;:{&quot;unit&quot;:&quot;px&quot;,&quot;size&quot;:&quot;&quot;,&quot;sizes&quot;:[]},&quot;_transform_scale_effect_hover_mobile&quot;:{&quot;unit&quot;:&quot;px&quot;,&quot;size&quot;:&quot;&quot;,&quot;sizes&quot;:[]}}\">\n\t\t\t\t<div class=\"elementor-element elementor-element-c1ce2c9 elementor-widget elementor-widget-heading\" data-id=\"c1ce2c9\" data-element_type=\"widget\" data-widget_type=\"heading.default\">\n\t\t\t\t<div class=\"elementor-widget-container\">\n\t\t\t\t\t<h2 class=\"elementor-heading-title elementor-size-default\">Humanitas<\/h2>\t\t\t\t<\/div>\n\t\t\t\t<\/div>\n\t\t\t\t<\/div>\n\t\t<div class=\"elementor-element elementor-element-dfc925a e-con-full e-flex e-con e-child\" data-id=\"dfc925a\" data-element_type=\"container\" data-settings=\"{&quot;background_background&quot;:&quot;classic&quot;}\">\n\t\t\t\t<div class=\"elementor-element elementor-element-e9709fe elementor-widget elementor-widget-image\" data-id=\"e9709fe\" data-element_type=\"widget\" data-widget_type=\"image.default\">\n\t\t\t\t<div class=\"elementor-widget-container\">\n\t\t\t\t\t\t\t\t\t\t\t\t\t\t\t<img decoding=\"async\" width=\"996\" height=\"1024\" src=\"https:\/\/dexpo-platform.anthropolis.hu\/wp-content\/uploads\/2024\/12\/humanitas_logo-996x1024.png\" class=\"attachment-large size-large wp-image-4394\" alt=\"\" srcset=\"https:\/\/dexpo-platform.anthropolis.hu\/wp-content\/uploads\/2024\/12\/humanitas_logo-996x1024.png 996w, https:\/\/dexpo-platform.anthropolis.hu\/wp-content\/uploads\/2024\/12\/humanitas_logo-292x300.png 292w, https:\/\/dexpo-platform.anthropolis.hu\/wp-content\/uploads\/2024\/12\/humanitas_logo-768x790.png 768w, https:\/\/dexpo-platform.anthropolis.hu\/wp-content\/uploads\/2024\/12\/humanitas_logo-1494x1536.png 1494w, https:\/\/dexpo-platform.anthropolis.hu\/wp-content\/uploads\/2024\/12\/humanitas_logo-1992x2048.png 1992w\" sizes=\"(max-width: 996px) 100vw, 996px\" \/>\t\t\t\t\t\t\t\t\t\t\t\t\t\t\t<\/div>\n\t\t\t\t<\/div>\n\t\t\t\t<\/div>\n\t\t<div class=\"elementor-element elementor-element-1427024 e-con-full e-flex e-con e-child\" data-id=\"1427024\" data-element_type=\"container\">\n\t\t\t\t<div class=\"elementor-element elementor-element-bd4a388 elementor-widget elementor-widget-text-editor\" data-id=\"bd4a388\" data-element_type=\"widget\" data-widget_type=\"text-editor.default\">\n\t\t\t\t<div class=\"elementor-widget-container\">\n\t\t\t\t\t\t\t\t\t<p>Humanitas \u2013 Center za globalno u\u010denje in sodelovanje je bil ustanovljen leta 2000 in je nevladna ter neprofitna organizacija s sede\u017eem v Ljubljani. Smo vodilna organizacija na podro\u010dju globalnega u\u010denja v Sloveniji ter sodelujemo s \u0161tevilnimi slovenskimi in mednarodnimi partnerji. Razvijamo inovativna u\u010dna gradiva, izvajamo delavnice za u\u010dence, usposabljanja za u\u010ditelje in druge izobra\u017eevalce ter organiziramo javne dogodke, namenjene ozave\u0161\u010danju o globalni soodvisnosti in povezanosti. S spodbujanjem solidarnosti, odgovornosti, pravi\u010dnosti in spo\u0161tovanja \u010dlovekovih pravic \u017eelimo ljudi, \u0161e posebej mlade, v formalnih in neformalnih okoljih, spodbuditi k aktivnemu vklju\u010devanju in sooblikovanju dru\u017ebe, ki temelji na socialni in okoljski pravi\u010dnosti.   <\/p>\n\t\t\t\t\t\t\t\t<\/div>\n\t\t\t\t<\/div>\n\t\t\t\t<div class=\"elementor-element elementor-element-e06c469 elementor-widget elementor-widget-heading\" data-id=\"e06c469\" data-element_type=\"widget\" data-widget_type=\"heading.default\">\n\t\t\t\t<div class=\"elementor-widget-container\">\n\t\t\t\t\t<h3 class=\"elementor-heading-title elementor-size-default\"><a href=\"https:\/\/www.humanitas.si\" target=\"_blank\">www.humanitas.si<\/a><\/h3>\t\t\t\t<\/div>\n\t\t\t\t<\/div>\n\t\t\t\t<\/div>\n\t\t\t\t\t<\/div>\n\t\t\t\t<\/div>\n\t\t<div class=\"elementor-element elementor-element-0258cee animated-slow e-flex e-con-boxed elementor-invisible e-con e-parent\" data-id=\"0258cee\" data-element_type=\"container\" data-settings=\"{&quot;animation&quot;:&quot;bounceInRight&quot;}\">\n\t\t\t\t\t<div class=\"e-con-inner\">\n\t\t<div class=\"elementor-element elementor-element-f2b05f4 e-con-full e-transform e-flex e-con e-child\" data-id=\"f2b05f4\" data-element_type=\"container\" data-settings=\"{&quot;background_background&quot;:&quot;classic&quot;,&quot;_transform_scale_effect_hover&quot;:{&quot;unit&quot;:&quot;px&quot;,&quot;size&quot;:1.0500000000000000444089209850062616169452667236328125,&quot;sizes&quot;:[]},&quot;_transform_scale_effect_hover_tablet&quot;:{&quot;unit&quot;:&quot;px&quot;,&quot;size&quot;:&quot;&quot;,&quot;sizes&quot;:[]},&quot;_transform_scale_effect_hover_mobile&quot;:{&quot;unit&quot;:&quot;px&quot;,&quot;size&quot;:&quot;&quot;,&quot;sizes&quot;:[]}}\">\n\t\t\t\t<div class=\"elementor-element elementor-element-7358970 elementor-widget elementor-widget-heading\" data-id=\"7358970\" data-element_type=\"widget\" data-widget_type=\"heading.default\">\n\t\t\t\t<div class=\"elementor-widget-container\">\n\t\t\t\t\t<h2 class=\"elementor-heading-title elementor-size-default\">Mapa das Ideias<\/h2>\t\t\t\t<\/div>\n\t\t\t\t<\/div>\n\t\t\t\t<\/div>\n\t\t<div class=\"elementor-element elementor-element-617dbbc e-con-full e-flex e-con e-child\" data-id=\"617dbbc\" data-element_type=\"container\" data-settings=\"{&quot;background_background&quot;:&quot;classic&quot;}\">\n\t\t\t\t<div class=\"elementor-element elementor-element-1bf26c1 elementor-widget elementor-widget-image\" data-id=\"1bf26c1\" data-element_type=\"widget\" data-widget_type=\"image.default\">\n\t\t\t\t<div class=\"elementor-widget-container\">\n\t\t\t\t\t\t\t\t\t\t\t\t\t\t\t<img loading=\"lazy\" decoding=\"async\" width=\"132\" height=\"184\" src=\"https:\/\/dexpo-platform.anthropolis.hu\/wp-content\/uploads\/2024\/12\/mapa-logo.png\" class=\"attachment-large size-large wp-image-4399\" alt=\"\" \/>\t\t\t\t\t\t\t\t\t\t\t\t\t\t\t<\/div>\n\t\t\t\t<\/div>\n\t\t\t\t<\/div>\n\t\t<div class=\"elementor-element elementor-element-dd77794 e-con-full e-flex e-con e-child\" data-id=\"dd77794\" data-element_type=\"container\">\n\t\t\t\t<div class=\"elementor-element elementor-element-7023c96 elementor-widget elementor-widget-text-editor\" data-id=\"7023c96\" data-element_type=\"widget\" data-widget_type=\"text-editor.default\">\n\t\t\t\t<div class=\"elementor-widget-container\">\n\t\t\t\t\t\t\t\t\t<p>Mapa das Ideias je portugalsko podjetje, ki se od leta 1999 posve\u010da sodelovanju med muzeji, ob\u010dinstvom in skupnostmi. Ukvarja se s tremi glavnimi podro\u010dji: mediacija (osredoto\u010dena na neposredno kulturno mediacijo in izobra\u017eevalne storitve); svetovanje (gostovanje raziskovalnih in ustvarjalnih projektov ter usposabljanje); in trgovina (osredoto\u010dena na upravljanje muzejske trgovine in oblikovanje izdelkov). Poleg izobra\u017eevalnih komponent obiska muzeja se podjetje ukvarja tudi z digitalno preobrazbo teh institucij, razvojem ob\u010dinstva za kulturne organizacije in zagotavljanjem poklicnega usposabljanja za strokovnjake v sektorju. Na\u0161e delo je prejelo nagrade v kategorijah Partnerstva in Izobra\u017eevalne storitve APOM (Portugalsko muzeolo\u0161ko zdru\u017eenje).   <\/p>\n\t\t\t\t\t\t\t\t<\/div>\n\t\t\t\t<\/div>\n\t\t\t\t<div class=\"elementor-element elementor-element-a55bd61 elementor-widget elementor-widget-heading\" data-id=\"a55bd61\" data-element_type=\"widget\" data-widget_type=\"heading.default\">\n\t\t\t\t<div class=\"elementor-widget-container\">\n\t\t\t\t\t<h3 class=\"elementor-heading-title elementor-size-default\"><a href=\"https:\/\/mapadasideias.pt\/\" target=\"_blank\">www.mapadasideias.pt<\/a><\/h3>\t\t\t\t<\/div>\n\t\t\t\t<\/div>\n\t\t\t\t<\/div>\n\t\t\t\t\t<\/div>\n\t\t\t\t<\/div>\n\t\t\t\t<\/div>\n\t\t","protected":false},"excerpt":{"rendered":"<p>Podnebne spremembe so globalni pojav, ki je predmet intenzivnih razprav v razli\u010dnih javnih prostorih, od znanstvenih diskusij do vsakodnevnih govoric. [&hellip;]<\/p>\n","protected":false},"author":1,"featured_media":0,"parent":0,"menu_order":0,"comment_status":"closed","ping_status":"closed","template":"","meta":{"site-sidebar-layout":"no-sidebar","site-content-layout":"","ast-site-content-layout":"full-width-container","site-content-style":"default","site-sidebar-style":"default","ast-global-header-display":"","ast-banner-title-visibility":"","ast-main-header-display":"","ast-hfb-above-header-display":"","ast-hfb-below-header-display":"","ast-hfb-mobile-header-display":"","site-post-title":"disabled","ast-breadcrumbs-content":"","ast-featured-img":"disabled","footer-sml-layout":"","theme-transparent-header-meta":"","adv-header-id-meta":"","stick-header-meta":"","header-above-stick-meta":"","header-main-stick-meta":"","header-below-stick-meta":"","astra-migrate-meta-layouts":"default","ast-page-background-enabled":"default","ast-page-background-meta":{"desktop":{"background-color":"var(--ast-global-color-4)","background-image":"","background-repeat":"repeat","background-position":"center center","background-size":"auto","background-attachment":"scroll","background-type":"","background-media":"","overlay-type":"","overlay-color":"","overlay-opacity":"","overlay-gradient":""},"tablet":{"background-color":"","background-image":"","background-repeat":"repeat","background-position":"center center","background-size":"auto","background-attachment":"scroll","background-type":"","background-media":"","overlay-type":"","overlay-color":"","overlay-opacity":"","overlay-gradient":""},"mobile":{"background-color":"","background-image":"","background-repeat":"repeat","background-position":"center center","background-size":"auto","background-attachment":"scroll","background-type":"","background-media":"","overlay-type":"","overlay-color":"","overlay-opacity":"","overlay-gradient":""}},"ast-content-background-meta":{"desktop":{"background-color":"var(--ast-global-color-5)","background-image":"","background-repeat":"repeat","background-position":"center center","background-size":"auto","background-attachment":"scroll","background-type":"","background-media":"","overlay-type":"","overlay-color":"","overlay-opacity":"","overlay-gradient":""},"tablet":{"background-color":"var(--ast-global-color-5)","background-image":"","background-repeat":"repeat","background-position":"center center","background-size":"auto","background-attachment":"scroll","background-type":"","background-media":"","overlay-type":"","overlay-color":"","overlay-opacity":"","overlay-gradient":""},"mobile":{"background-color":"var(--ast-global-color-5)","background-image":"","background-repeat":"repeat","background-position":"center center","background-size":"auto","background-attachment":"scroll","background-type":"","background-media":"","overlay-type":"","overlay-color":"","overlay-opacity":"","overlay-gradient":""}},"footnotes":""},"class_list":["post-2402","page","type-page","status-publish","hentry"],"_links":{"self":[{"href":"https:\/\/dexpo-platform.anthropolis.hu\/sl\/wp-json\/wp\/v2\/pages\/2402","targetHints":{"allow":["GET"]}}],"collection":[{"href":"https:\/\/dexpo-platform.anthropolis.hu\/sl\/wp-json\/wp\/v2\/pages"}],"about":[{"href":"https:\/\/dexpo-platform.anthropolis.hu\/sl\/wp-json\/wp\/v2\/types\/page"}],"author":[{"embeddable":true,"href":"https:\/\/dexpo-platform.anthropolis.hu\/sl\/wp-json\/wp\/v2\/users\/1"}],"replies":[{"embeddable":true,"href":"https:\/\/dexpo-platform.anthropolis.hu\/sl\/wp-json\/wp\/v2\/comments?post=2402"}],"version-history":[{"count":7,"href":"https:\/\/dexpo-platform.anthropolis.hu\/sl\/wp-json\/wp\/v2\/pages\/2402\/revisions"}],"predecessor-version":[{"id":4414,"href":"https:\/\/dexpo-platform.anthropolis.hu\/sl\/wp-json\/wp\/v2\/pages\/2402\/revisions\/4414"}],"wp:attachment":[{"href":"https:\/\/dexpo-platform.anthropolis.hu\/sl\/wp-json\/wp\/v2\/media?parent=2402"}],"curies":[{"name":"wp","href":"https:\/\/api.w.org\/{rel}","templated":true}]}}