{"id":2445,"date":"2024-10-04T13:11:02","date_gmt":"2024-10-04T13:11:02","guid":{"rendered":"https:\/\/dexpo-platform.anthropolis.hu\/?page_id=2445"},"modified":"2025-01-13T00:56:27","modified_gmt":"2025-01-13T00:56:27","slug":"training-materials-slo","status":"publish","type":"page","link":"https:\/\/dexpo-platform.anthropolis.hu\/sl\/training-materials-slo\/","title":{"rendered":"SLO Training materials"},"content":{"rendered":"\t\t<div data-elementor-type=\"wp-page\" data-elementor-id=\"2445\" class=\"elementor elementor-2445\" data-elementor-post-type=\"page\">\n\t\t\t\t<div class=\"elementor-element elementor-element-cb076a6 animated-slow e-flex e-con-boxed elementor-invisible e-con e-parent\" data-id=\"cb076a6\" data-element_type=\"container\" data-settings=\"{&quot;background_background&quot;:&quot;classic&quot;,&quot;animation&quot;:&quot;bounceInDown&quot;}\">\n\t\t\t\t\t<div class=\"e-con-inner\">\n\t\t\t\t<div class=\"elementor-element elementor-element-6f5d1a8 elementor-invisible elementor-widget elementor-widget-heading\" data-id=\"6f5d1a8\" data-element_type=\"widget\" data-settings=\"{&quot;_animation&quot;:&quot;bounceInLeft&quot;,&quot;_animation_delay&quot;:1000}\" data-widget_type=\"heading.default\">\n\t\t\t\t<div class=\"elementor-widget-container\">\n\t\t\t\t\t<h1 class=\"elementor-heading-title elementor-size-default\">Izobra\u017eevalno <br>gradivo<\/h1>\t\t\t\t<\/div>\n\t\t\t\t<\/div>\n\t\t\t\t\t<\/div>\n\t\t\t\t<\/div>\n\t\t<div class=\"elementor-element elementor-element-48bdeea e-flex e-con-boxed e-con e-parent\" data-id=\"48bdeea\" data-element_type=\"container\">\n\t\t\t\t\t<div class=\"e-con-inner\">\n\t\t<div class=\"elementor-element elementor-element-c646b86 e-con-full e-flex e-con e-child\" data-id=\"c646b86\" data-element_type=\"container\">\n\t\t\t\t<div class=\"elementor-element elementor-element-db530ca elementor-widget elementor-widget-heading\" data-id=\"db530ca\" data-element_type=\"widget\" data-widget_type=\"heading.default\">\n\t\t\t\t<div class=\"elementor-widget-container\">\n\t\t\t\t\t<h2 class=\"elementor-heading-title elementor-size-default\">UC\u030cNI PROGRAM ZA SPODBUJANJE KRITIC\u030cNEGA MIS\u030cLJENJA O PODNEBNIH SPREMEMBAH<\/h2>\t\t\t\t<\/div>\n\t\t\t\t<\/div>\n\t\t\t\t<div class=\"elementor-element elementor-element-fe87fdc elementor-widget elementor-widget-text-editor\" data-id=\"fe87fdc\" data-element_type=\"widget\" data-widget_type=\"text-editor.default\">\n\t\t\t\t<div class=\"elementor-widget-container\">\n\t\t\t\t\t\t\t\t\tTi programi usposabljanja za izobraz\u030cevalce predstavljajo s\u030ctiri metode\/pristope (Filozofija za skupnosti, Vizualna pismenost, Skozi oc\u030ci drugih ter Vzroki in posledice), ki jih je mogoc\u030ce uporabiti za delo s temami podnebnih sprememb in medijske pismenosti v formalnem in neformalnem izobraz\u030cevanju. Vsebuje opis vsake metodologije\/pristopa in nac\u030cina uporabe, nekaj koristnih nasvetov in virov.\n\t\t\t\t\t\t\t\t<\/div>\n\t\t\t\t<\/div>\n\t\t\t\t<\/div>\n\t\t\t\t\t<\/div>\n\t\t\t\t<\/div>\n\t\t<div class=\"elementor-element elementor-element-5dba28f e-flex e-con-boxed elementor-invisible e-con e-parent\" data-id=\"5dba28f\" data-element_type=\"container\" data-settings=\"{&quot;animation&quot;:&quot;bounceInRight&quot;,&quot;animation_delay&quot;:2000}\">\n\t\t\t\t\t<div class=\"e-con-inner\">\n\t\t<div class=\"elementor-element elementor-element-ca5dd8a e-con-full e-transform e-flex e-con e-child\" data-id=\"ca5dd8a\" data-element_type=\"container\" data-settings=\"{&quot;background_background&quot;:&quot;classic&quot;,&quot;_transform_scale_effect_hover&quot;:{&quot;unit&quot;:&quot;px&quot;,&quot;size&quot;:1.0500000000000000444089209850062616169452667236328125,&quot;sizes&quot;:[]},&quot;_transform_scale_effect_hover_tablet&quot;:{&quot;unit&quot;:&quot;px&quot;,&quot;size&quot;:&quot;&quot;,&quot;sizes&quot;:[]},&quot;_transform_scale_effect_hover_mobile&quot;:{&quot;unit&quot;:&quot;px&quot;,&quot;size&quot;:&quot;&quot;,&quot;sizes&quot;:[]}}\">\n\t\t\t\t<div class=\"elementor-element elementor-element-6ffe70c elementor-widget elementor-widget-heading\" data-id=\"6ffe70c\" data-element_type=\"widget\" data-widget_type=\"heading.default\">\n\t\t\t\t<div class=\"elementor-widget-container\">\n\t\t\t\t\t<h3 class=\"elementor-heading-title elementor-size-default\"><a href=\"https:\/\/dexpo-platform.anthropolis.hu\/wp-content\/uploads\/2024\/10\/dexpo_training_scheme_slo.pdf\" target=\"_blank\">Prenesite iz<\/a><\/h3>\t\t\t\t<\/div>\n\t\t\t\t<\/div>\n\t\t\t\t<\/div>\n\t\t\t\t\t<\/div>\n\t\t\t\t<\/div>\n\t\t<div class=\"elementor-element elementor-element-8914996 e-flex e-con-boxed e-con e-parent\" data-id=\"8914996\" data-element_type=\"container\">\n\t\t\t\t\t<div class=\"e-con-inner\">\n\t\t<div class=\"elementor-element elementor-element-cbc2f13 e-con-full e-flex e-con e-child\" data-id=\"cbc2f13\" data-element_type=\"container\">\n\t\t\t\t<div class=\"elementor-element elementor-element-d5318b2 elementor-widget elementor-widget-heading\" data-id=\"d5318b2\" data-element_type=\"widget\" data-widget_type=\"heading.default\">\n\t\t\t\t<div class=\"elementor-widget-container\">\n\t\t\t\t\t<h2 class=\"elementor-heading-title elementor-size-default\">LA\u017dNO ALI RESNI\u010cNO?<\/h2>\t\t\t\t<\/div>\n\t\t\t\t<\/div>\n\t\t\t\t<div class=\"elementor-element elementor-element-56b5fe9 elementor-widget elementor-widget-text-editor\" data-id=\"56b5fe9\" data-element_type=\"widget\" data-widget_type=\"text-editor.default\">\n\t\t\t\t<div class=\"elementor-widget-container\">\n\t\t\t\t\t\t\t\t\t<p>Zbirka orodij za razvijanje ve\u0161\u010din kriti\u010dnega mi\u0161ljenja za za\u0161\u010dito podnebja<\/p><p><span style=\"font-weight: 400;\">Zbirka orodij vsebuje <\/span><b>6 u\u010dnih aktivnosti<\/b><span style=\"font-weight: 400;\">, ki smo jih oblikovali oz. prilagodili posebej za osrednji cilj projekta \u2013 zagotoviti, da bo razvoj ve\u0161\u010din kriti\u010dnega mi\u0161ljenja in medijske pismenosti vklju\u010den v pou\u010devanje mladih o podnebnih spremembah.<\/span><\/p>\t\t\t\t\t\t\t\t<\/div>\n\t\t\t\t<\/div>\n\t\t\t\t<\/div>\n\t\t\t\t\t<\/div>\n\t\t\t\t<\/div>\n\t\t<div class=\"elementor-element elementor-element-4ac6f95 e-flex e-con-boxed elementor-invisible e-con e-parent\" data-id=\"4ac6f95\" data-element_type=\"container\" data-settings=\"{&quot;animation&quot;:&quot;bounceInRight&quot;,&quot;animation_delay&quot;:2000}\">\n\t\t\t\t\t<div class=\"e-con-inner\">\n\t\t<div class=\"elementor-element elementor-element-e967a82 e-con-full e-transform e-flex e-con e-child\" data-id=\"e967a82\" data-element_type=\"container\" data-settings=\"{&quot;background_background&quot;:&quot;classic&quot;,&quot;_transform_scale_effect_hover&quot;:{&quot;unit&quot;:&quot;px&quot;,&quot;size&quot;:1.0500000000000000444089209850062616169452667236328125,&quot;sizes&quot;:[]},&quot;_transform_scale_effect_hover_tablet&quot;:{&quot;unit&quot;:&quot;px&quot;,&quot;size&quot;:&quot;&quot;,&quot;sizes&quot;:[]},&quot;_transform_scale_effect_hover_mobile&quot;:{&quot;unit&quot;:&quot;px&quot;,&quot;size&quot;:&quot;&quot;,&quot;sizes&quot;:[]}}\">\n\t\t\t\t<div class=\"elementor-element elementor-element-9974087 elementor-widget elementor-widget-heading\" data-id=\"9974087\" data-element_type=\"widget\" data-widget_type=\"heading.default\">\n\t\t\t\t<div class=\"elementor-widget-container\">\n\t\t\t\t\t<h3 class=\"elementor-heading-title elementor-size-default\"><a href=\"https:\/\/drive.google.com\/file\/d\/16tG56LmAd2Y-byJRPA6AkoWCEcU1iobx\/view?usp=sharing\" target=\"_blank\">Prenesi tukaj<\/a><\/h3>\t\t\t\t<\/div>\n\t\t\t\t<\/div>\n\t\t\t\t<\/div>\n\t\t\t\t\t<\/div>\n\t\t\t\t<\/div>\n\t\t<div class=\"elementor-element elementor-element-ef3a2a7 e-con-full e-flex elementor-invisible e-con e-parent\" data-id=\"ef3a2a7\" data-element_type=\"container\" data-settings=\"{&quot;background_background&quot;:&quot;classic&quot;,&quot;animation&quot;:&quot;bounceInLeft&quot;,&quot;animation_delay&quot;:3000}\">\n\t\t\t\t<\/div>\n\t\t\t\t<\/div>\n\t\t","protected":false},"excerpt":{"rendered":"<p>Izobra\u017eevalno gradivo UC\u030cNI PROGRAM ZA SPODBUJANJE KRITIC\u030cNEGA MIS\u030cLJENJA O PODNEBNIH SPREMEMBAH Ti programi usposabljanja za izobraz\u030cevalce predstavljajo s\u030ctiri metode\/pristope (Filozofija [&hellip;]<\/p>\n","protected":false},"author":1,"featured_media":0,"parent":0,"menu_order":0,"comment_status":"closed","ping_status":"closed","template":"elementor_header_footer","meta":{"site-sidebar-layout":"default","site-content-layout":"","ast-site-content-layout":"","site-content-style":"default","site-sidebar-style":"default","ast-global-header-display":"","ast-banner-title-visibility":"","ast-main-header-display":"","ast-hfb-above-header-display":"","ast-hfb-below-header-display":"","ast-hfb-mobile-header-display":"","site-post-title":"","ast-breadcrumbs-content":"","ast-featured-img":"","footer-sml-layout":"","theme-transparent-header-meta":"","adv-header-id-meta":"","stick-header-meta":"","header-above-stick-meta":"","header-main-stick-meta":"","header-below-stick-meta":"","astra-migrate-meta-layouts":"default","ast-page-background-enabled":"default","ast-page-background-meta":{"desktop":{"background-color":"var(--ast-global-color-4)","background-image":"","background-repeat":"repeat","background-position":"center center","background-size":"auto","background-attachment":"scroll","background-type":"","background-media":"","overlay-type":"","overlay-color":"","overlay-opacity":"","overlay-gradient":""},"tablet":{"background-color":"","background-image":"","background-repeat":"repeat","background-position":"center center","background-size":"auto","background-attachment":"scroll","background-type":"","background-media":"","overlay-type":"","overlay-color":"","overlay-opacity":"","overlay-gradient":""},"mobile":{"background-color":"","background-image":"","background-repeat":"repeat","background-position":"center center","background-size":"auto","background-attachment":"scroll","background-type":"","background-media":"","overlay-type":"","overlay-color":"","overlay-opacity":"","overlay-gradient":""}},"ast-content-background-meta":{"desktop":{"background-color":"var(--ast-global-color-5)","background-image":"","background-repeat":"repeat","background-position":"center center","background-size":"auto","background-attachment":"scroll","background-type":"","background-media":"","overlay-type":"","overlay-color":"","overlay-opacity":"","overlay-gradient":""},"tablet":{"background-color":"var(--ast-global-color-5)","background-image":"","background-repeat":"repeat","background-position":"center center","background-size":"auto","background-attachment":"scroll","background-type":"","background-media":"","overlay-type":"","overlay-color":"","overlay-opacity":"","overlay-gradient":""},"mobile":{"background-color":"var(--ast-global-color-5)","background-image":"","background-repeat":"repeat","background-position":"center center","background-size":"auto","background-attachment":"scroll","background-type":"","background-media":"","overlay-type":"","overlay-color":"","overlay-opacity":"","overlay-gradient":""}},"footnotes":""},"class_list":["post-2445","page","type-page","status-publish","hentry"],"_links":{"self":[{"href":"https:\/\/dexpo-platform.anthropolis.hu\/sl\/wp-json\/wp\/v2\/pages\/2445","targetHints":{"allow":["GET"]}}],"collection":[{"href":"https:\/\/dexpo-platform.anthropolis.hu\/sl\/wp-json\/wp\/v2\/pages"}],"about":[{"href":"https:\/\/dexpo-platform.anthropolis.hu\/sl\/wp-json\/wp\/v2\/types\/page"}],"author":[{"embeddable":true,"href":"https:\/\/dexpo-platform.anthropolis.hu\/sl\/wp-json\/wp\/v2\/users\/1"}],"replies":[{"embeddable":true,"href":"https:\/\/dexpo-platform.anthropolis.hu\/sl\/wp-json\/wp\/v2\/comments?post=2445"}],"version-history":[{"count":10,"href":"https:\/\/dexpo-platform.anthropolis.hu\/sl\/wp-json\/wp\/v2\/pages\/2445\/revisions"}],"predecessor-version":[{"id":4503,"href":"https:\/\/dexpo-platform.anthropolis.hu\/sl\/wp-json\/wp\/v2\/pages\/2445\/revisions\/4503"}],"wp:attachment":[{"href":"https:\/\/dexpo-platform.anthropolis.hu\/sl\/wp-json\/wp\/v2\/media?parent=2445"}],"curies":[{"name":"wp","href":"https:\/\/api.w.org\/{rel}","templated":true}]}}